{"id":2598,"date":"2024-11-25T12:19:56","date_gmt":"2024-11-25T12:19:56","guid":{"rendered":"https:\/\/tawron.com\/?page_id=2598"},"modified":"2024-11-25T12:19:56","modified_gmt":"2024-11-25T12:19:56","slug":"sevcan-turk","status":"publish","type":"page","link":"https:\/\/tawron.com\/en\/sevcan-turk\/","title":{"rendered":"Sevcan T\u00fcrk"},"content":{"rendered":"<p>&nbsp;<\/p>\n<p style=\"font-weight: 400;\">Sevcan T\u00fcrk is an experienced HR manager and organizational development specialist. Throughout her career, she has strengthened HR processes, led innovative projects, and developed sustainable solutions to enhance employee engagement.<\/p>\n<p style=\"font-weight: 400;\">After graduating in Human Resource Management from Istanbul Ayd\u0131n University, Sevcan began her career in 2006 as a Specialist at Mavi Jeans. In this role, she actively participated in recruitment and training processes, ensuring the selection and integration of candidates who met the company\u2019s needs.<\/p>\n<p style=\"font-weight: 400;\">She then joined Kervan G\u0131da A.\u015e. under the Bebeto brand as an HR and Industrial Relations Manager. In this position, she worked on improving working conditions and contributed to mid- and long-term career planning projects.<\/p>\n<p style=\"font-weight: 400;\">In 2015, she transitioned to an international payments company to gain experience in a different sector. As an HR Manager, she established and developed the HR department, leveraging software and cloud technologies to make digital HR applications more efficient. This resulted in an effective and sustainable HR structure within the organization.<\/p>\n<p style=\"font-weight: 400;\">Currently, Sevcan works at Tawron, closely following the dynamics of the European technology sector. Utilizing her strong communication skills and technical expertise, she manages recruitment processes, aiming for long-term success by aligning candidates with career opportunities that match their goals.<\/p>\n<p style=\"font-weight: 400;\">Throughout her career, Sevcan has collaborated with HR associations on projects to enhance professional competencies. She is passionate about maximizing the potential of both individuals and organizations.<\/p>","protected":false},"excerpt":{"rendered":"<p>&nbsp; Sevcan T\u00fcrk is een ervaren HR-manager en specialist in organisatieontwikkeling. Gedurende haar carri\u00e8re heeft ze de HR-processen van de bedrijven waarmee [&hellip;]<\/p>\n","protected":false},"author":1,"featured_media":0,"parent":0,"menu_order":0,"comment_status":"closed","ping_status":"closed","template":"","meta":{"footnotes":""},"class_list":["post-2598","page","type-page","status-publish","hentry"],"yoast_head":"<!-- This site is optimized with the Yoast SEO plugin v27.4 - https:\/\/yoast.com\/product\/yoast-seo-wordpress\/ -->\n<title>Sevcan T\u00fcrk - TAWRON - HR Oplossingen &amp; Werving<\/title>\n<meta name=\"robots\" content=\"index, follow, max-snippet:-1, max-image-preview:large, max-video-preview:-1\" \/>\n<link rel=\"canonical\" href=\"https:\/\/tawron.com\/en\/sevcan-turk\/\" \/>\n<meta property=\"og:locale\" content=\"en_US\" \/>\n<meta property=\"og:type\" content=\"article\" \/>\n<meta property=\"og:title\" content=\"Sevcan T\u00fcrk - TAWRON - HR Oplossingen &amp; Werving\" \/>\n<meta property=\"og:description\" content=\"&nbsp; Sevcan T\u00fcrk is een ervaren HR-manager en specialist in organisatieontwikkeling. Gedurende haar carri\u00e8re heeft ze de HR-processen van de bedrijven waarmee [&hellip;]\" \/>\n<meta property=\"og:url\" content=\"https:\/\/tawron.com\/en\/sevcan-turk\/\" \/>\n<meta property=\"og:site_name\" content=\"TAWRON - HR Oplossingen &amp; Werving\" \/>\n<meta name=\"twitter:card\" content=\"summary_large_image\" \/>\n<meta name=\"twitter:site\" content=\"@tawronbv\" \/>\n<meta name=\"twitter:label1\" content=\"Est. reading time\" \/>\n\t<meta name=\"twitter:data1\" content=\"2 minutes\" \/>\n<script type=\"application\/ld+json\" class=\"yoast-schema-graph\">{\"@context\":\"https:\\\/\\\/schema.org\",\"@graph\":[{\"@type\":\"WebPage\",\"@id\":\"https:\\\/\\\/tawron.com\\\/sevcan-turk\\\/\",\"url\":\"https:\\\/\\\/tawron.com\\\/sevcan-turk\\\/\",\"name\":\"Sevcan T\u00fcrk - TAWRON - HR Oplossingen &amp; Werving\",\"isPartOf\":{\"@id\":\"https:\\\/\\\/tawron.com\\\/#website\"},\"datePublished\":\"2024-11-25T12:19:56+00:00\",\"breadcrumb\":{\"@id\":\"https:\\\/\\\/tawron.com\\\/sevcan-turk\\\/#breadcrumb\"},\"inLanguage\":\"en-US\",\"potentialAction\":[{\"@type\":\"ReadAction\",\"target\":[\"https:\\\/\\\/tawron.com\\\/sevcan-turk\\\/\"]}]},{\"@type\":\"BreadcrumbList\",\"@id\":\"https:\\\/\\\/tawron.com\\\/sevcan-turk\\\/#breadcrumb\",\"itemListElement\":[{\"@type\":\"ListItem\",\"position\":1,\"name\":\"Home\",\"item\":\"https:\\\/\\\/tawron.com\\\/\"},{\"@type\":\"ListItem\",\"position\":2,\"name\":\"Sevcan T\u00fcrk\"}]},{\"@type\":\"WebSite\",\"@id\":\"https:\\\/\\\/tawron.com\\\/#website\",\"url\":\"https:\\\/\\\/tawron.com\\\/\",\"name\":\"TAWRON - HR Oplossingen & Werving\",\"description\":\"\",\"publisher\":{\"@id\":\"https:\\\/\\\/tawron.com\\\/#organization\"},\"potentialAction\":[{\"@type\":\"SearchAction\",\"target\":{\"@type\":\"EntryPoint\",\"urlTemplate\":\"https:\\\/\\\/tawron.com\\\/?s={search_term_string}\"},\"query-input\":{\"@type\":\"PropertyValueSpecification\",\"valueRequired\":true,\"valueName\":\"search_term_string\"}}],\"inLanguage\":\"en-US\"},{\"@type\":\"Organization\",\"@id\":\"https:\\\/\\\/tawron.com\\\/#organization\",\"name\":\"TAWRON - HR Oplossingen & Werving\",\"url\":\"https:\\\/\\\/tawron.com\\\/\",\"logo\":{\"@type\":\"ImageObject\",\"inLanguage\":\"en-US\",\"@id\":\"https:\\\/\\\/tawron.com\\\/#\\\/schema\\\/logo\\\/image\\\/\",\"url\":\"https:\\\/\\\/tawron.com\\\/wp-content\\\/uploads\\\/2024\\\/07\\\/tawron_logo_light.svg\",\"contentUrl\":\"https:\\\/\\\/tawron.com\\\/wp-content\\\/uploads\\\/2024\\\/07\\\/tawron_logo_light.svg\",\"width\":240,\"height\":53,\"caption\":\"TAWRON - HR Oplossingen & Werving\"},\"image\":{\"@id\":\"https:\\\/\\\/tawron.com\\\/#\\\/schema\\\/logo\\\/image\\\/\"},\"sameAs\":[\"https:\\\/\\\/x.com\\\/tawronbv\",\"http:\\\/\\\/www.linkedin.com\\\/company\\\/tawronbv\\\/\",\"https:\\\/\\\/www.instagram.com\\\/tawronbv\\\/\"]}]}<\/script>\n<!-- \/ Yoast SEO plugin. -->","yoast_head_json":{"title":"Sevcan T\u00fcrk - TAWRON - HR Oplossingen &amp; Werving","robots":{"index":"index","follow":"follow","max-snippet":"max-snippet:-1","max-image-preview":"max-image-preview:large","max-video-preview":"max-video-preview:-1"},"canonical":"https:\/\/tawron.com\/en\/sevcan-turk\/","og_locale":"en_US","og_type":"article","og_title":"Sevcan T\u00fcrk - TAWRON - HR Oplossingen &amp; Werving","og_description":"&nbsp; Sevcan T\u00fcrk is een ervaren HR-manager en specialist in organisatieontwikkeling. Gedurende haar carri\u00e8re heeft ze de HR-processen van de bedrijven waarmee [&hellip;]","og_url":"https:\/\/tawron.com\/en\/sevcan-turk\/","og_site_name":"TAWRON - HR Oplossingen &amp; Werving","twitter_card":"summary_large_image","twitter_site":"@tawronbv","twitter_misc":{"Est. reading time":"2 minutes"},"schema":{"@context":"https:\/\/schema.org","@graph":[{"@type":"WebPage","@id":"https:\/\/tawron.com\/sevcan-turk\/","url":"https:\/\/tawron.com\/sevcan-turk\/","name":"Sevcan T\u00fcrk - TAWRON - HR Oplossingen &amp; Werving","isPartOf":{"@id":"https:\/\/tawron.com\/#website"},"datePublished":"2024-11-25T12:19:56+00:00","breadcrumb":{"@id":"https:\/\/tawron.com\/sevcan-turk\/#breadcrumb"},"inLanguage":"en-US","potentialAction":[{"@type":"ReadAction","target":["https:\/\/tawron.com\/sevcan-turk\/"]}]},{"@type":"BreadcrumbList","@id":"https:\/\/tawron.com\/sevcan-turk\/#breadcrumb","itemListElement":[{"@type":"ListItem","position":1,"name":"Home","item":"https:\/\/tawron.com\/"},{"@type":"ListItem","position":2,"name":"Sevcan T\u00fcrk"}]},{"@type":"WebSite","@id":"https:\/\/tawron.com\/#website","url":"https:\/\/tawron.com\/","name":"TAWRON - HR Oplossingen & Werving","description":"","publisher":{"@id":"https:\/\/tawron.com\/#organization"},"potentialAction":[{"@type":"SearchAction","target":{"@type":"EntryPoint","urlTemplate":"https:\/\/tawron.com\/?s={search_term_string}"},"query-input":{"@type":"PropertyValueSpecification","valueRequired":true,"valueName":"search_term_string"}}],"inLanguage":"en-US"},{"@type":"Organization","@id":"https:\/\/tawron.com\/#organization","name":"TAWRON - HR Oplossingen & Werving","url":"https:\/\/tawron.com\/","logo":{"@type":"ImageObject","inLanguage":"en-US","@id":"https:\/\/tawron.com\/#\/schema\/logo\/image\/","url":"https:\/\/tawron.com\/wp-content\/uploads\/2024\/07\/tawron_logo_light.svg","contentUrl":"https:\/\/tawron.com\/wp-content\/uploads\/2024\/07\/tawron_logo_light.svg","width":240,"height":53,"caption":"TAWRON - HR Oplossingen & Werving"},"image":{"@id":"https:\/\/tawron.com\/#\/schema\/logo\/image\/"},"sameAs":["https:\/\/x.com\/tawronbv","http:\/\/www.linkedin.com\/company\/tawronbv\/","https:\/\/www.instagram.com\/tawronbv\/"]}]}},"_links":{"self":[{"href":"https:\/\/tawron.com\/en\/wp-json\/wp\/v2\/pages\/2598","targetHints":{"allow":["GET"]}}],"collection":[{"href":"https:\/\/tawron.com\/en\/wp-json\/wp\/v2\/pages"}],"about":[{"href":"https:\/\/tawron.com\/en\/wp-json\/wp\/v2\/types\/page"}],"author":[{"embeddable":true,"href":"https:\/\/tawron.com\/en\/wp-json\/wp\/v2\/users\/1"}],"replies":[{"embeddable":true,"href":"https:\/\/tawron.com\/en\/wp-json\/wp\/v2\/comments?post=2598"}],"version-history":[{"count":1,"href":"https:\/\/tawron.com\/en\/wp-json\/wp\/v2\/pages\/2598\/revisions"}],"predecessor-version":[{"id":2599,"href":"https:\/\/tawron.com\/en\/wp-json\/wp\/v2\/pages\/2598\/revisions\/2599"}],"wp:attachment":[{"href":"https:\/\/tawron.com\/en\/wp-json\/wp\/v2\/media?parent=2598"}],"curies":[{"name":"wp","href":"https:\/\/api.w.org\/{rel}","templated":true}]}}