{"id":1156,"date":"2024-08-20T12:12:53","date_gmt":"2024-08-20T12:12:53","guid":{"rendered":"https:\/\/tawron.cliffex.in\/?page_id=1156"},"modified":"2024-09-19T08:16:33","modified_gmt":"2024-09-19T08:16:33","slug":"algemene-voorwaarden","status":"publish","type":"page","link":"https:\/\/tawron.com\/tr\/algemene-voorwaarden\/","title":{"rendered":"Hizmet Ko\u015fullar\u0131"},"content":{"rendered":"<div data-elementor-type=\"wp-page\" data-elementor-id=\"1156\" class=\"elementor elementor-1156\" data-elementor-settings=\"{&quot;element_pack_global_tooltip_width&quot;:{&quot;unit&quot;:&quot;px&quot;,&quot;size&quot;:&quot;&quot;,&quot;sizes&quot;:[]},&quot;element_pack_global_tooltip_width_tablet&quot;:{&quot;unit&quot;:&quot;px&quot;,&quot;size&quot;:&quot;&quot;,&quot;sizes&quot;:[]},&quot;element_pack_global_tooltip_width_mobile&quot;:{&quot;unit&quot;:&quot;px&quot;,&quot;size&quot;:&quot;&quot;,&quot;sizes&quot;:[]},&quot;element_pack_global_tooltip_padding&quot;:{&quot;unit&quot;:&quot;px&quot;,&quot;top&quot;:&quot;&quot;,&quot;right&quot;:&quot;&quot;,&quot;bottom&quot;:&quot;&quot;,&quot;left&quot;:&quot;&quot;,&quot;isLinked&quot;:true},&quot;element_pack_global_tooltip_padding_tablet&quot;:{&quot;unit&quot;:&quot;px&quot;,&quot;top&quot;:&quot;&quot;,&quot;right&quot;:&quot;&quot;,&quot;bottom&quot;:&quot;&quot;,&quot;left&quot;:&quot;&quot;,&quot;isLinked&quot;:true},&quot;element_pack_global_tooltip_padding_mobile&quot;:{&quot;unit&quot;:&quot;px&quot;,&quot;top&quot;:&quot;&quot;,&quot;right&quot;:&quot;&quot;,&quot;bottom&quot;:&quot;&quot;,&quot;left&quot;:&quot;&quot;,&quot;isLinked&quot;:true},&quot;element_pack_global_tooltip_border_radius&quot;:{&quot;unit&quot;:&quot;px&quot;,&quot;top&quot;:&quot;&quot;,&quot;right&quot;:&quot;&quot;,&quot;bottom&quot;:&quot;&quot;,&quot;left&quot;:&quot;&quot;,&quot;isLinked&quot;:true},&quot;element_pack_global_tooltip_border_radius_tablet&quot;:{&quot;unit&quot;:&quot;px&quot;,&quot;top&quot;:&quot;&quot;,&quot;right&quot;:&quot;&quot;,&quot;bottom&quot;:&quot;&quot;,&quot;left&quot;:&quot;&quot;,&quot;isLinked&quot;:true},&quot;element_pack_global_tooltip_border_radius_mobile&quot;:{&quot;unit&quot;:&quot;px&quot;,&quot;top&quot;:&quot;&quot;,&quot;right&quot;:&quot;&quot;,&quot;bottom&quot;:&quot;&quot;,&quot;left&quot;:&quot;&quot;,&quot;isLinked&quot;:true}}\">\n\t\t\t\t<div class=\"elementor-element elementor-element-62df24a8 e-flex e-con-boxed e-con e-parent\" data-id=\"62df24a8\" data-element_type=\"container\" data-e-type=\"container\">\n\t\t\t\t\t<div class=\"e-con-inner\">\n\t\t\t\t<div class=\"elementor-element elementor-element-3f174302 elementor-widget elementor-widget-text-editor\" data-id=\"3f174302\" data-element_type=\"widget\" data-e-type=\"widget\" data-widget_type=\"text-editor.default\">\n\t\t\t\t<div class=\"elementor-widget-container\">\n\t\t\t\t\t\t\t\t\t<div>Son G\u00fcncelleme: Eyl\u00fcl 2024<\/div><div>\u00a0<\/div><div>Tawron\u2019un web sitesine ho\u015f geldiniz (\u201c<strong>www.tawron.com<\/strong>\u201c). Web sitemize eri\u015ferek veya kullanarak, a\u015fa\u011f\u0131daki genel \u015fartlara (\u201cHizmet \u015eartlar\u0131\u201d) uymay\u0131 ve bunlara ba\u011fl\u0131 kalmay\u0131 kabul edersiniz. Bu \u015fartlar\u0131 dikkatlice okuyun. E\u011fer bu \u015fartlara kat\u0131lm\u0131yorsan\u0131z, web sitemizi kullanmamal\u0131s\u0131n\u0131z.<\/div><h4>1. Web Sitesinin Kullan\u0131m\u0131<\/h4><div>Hollanda'da kay\u0131tl\u0131 bir limited \u015firket olan Tawron bu web sitesini i\u015fletmektedir. Bu web sitesinin i\u00e7eri\u011fi yaln\u0131zca genel bilgi ve kullan\u0131m ama\u00e7l\u0131d\u0131r. Bildirimde bulunulmaks\u0131z\u0131n de\u011fi\u015ftirilebilir.<\/div><div>\u00a0<\/div><div>Web sitemizi yaln\u0131zca yasal ama\u00e7larla ve ba\u015fkalar\u0131n\u0131n haklar\u0131n\u0131 ihlal etmeyecek, k\u0131s\u0131tlamayacak veya web sitesinin kullan\u0131m\u0131ndan zevk almalar\u0131n\u0131 engellemeyecek \u015fekilde kullanmay\u0131 kabul edersiniz.<\/div><h4>2. Fikri M\u00fclkiyet<\/h4><div>Bu web sitesinin i\u00e7eri\u011findeki t\u00fcm fikri m\u00fclkiyet haklar\u0131, metin, grafikler, logolar ve g\u00f6r\u00fcnt\u00fcler dahil ancak bunlarla s\u0131n\u0131rl\u0131 olmamak \u00fczere, Tawron'a aittir veya Tawron'a lisanslanm\u0131\u015ft\u0131r. Tawron'un \u00f6nceden yaz\u0131l\u0131 izni olmadan web sitemizin hi\u00e7bir i\u00e7eri\u011fini \u00e7o\u011faltamaz, da\u011f\u0131tamaz veya ba\u015fka bir \u015fekilde kullanamazs\u0131n\u0131z.<\/div><h4>3. Gizlilik Politikas\u0131<\/h4><div>Web sitesinin kullan\u0131m\u0131, ki\u015fisel verilerinizi nas\u0131l toplad\u0131\u011f\u0131m\u0131z, kulland\u0131\u011f\u0131m\u0131z ve korudu\u011fumuzu a\u00e7\u0131klayan Gizlilik Politikam\u0131z taraf\u0131ndan da y\u00f6netilmektedir. Bu web sitesini kullanarak, Gizlilik Politikas\u0131'nda belirtilen \u015fekilde verilerinizin toplanmas\u0131n\u0131 ve kullan\u0131lmas\u0131n\u0131 kabul etmi\u015f olursunuz.<\/div><h4>4. \u00c7erezler<\/h4><div>Web sitemizde gezinme deneyiminizi geli\u015ftirmek i\u00e7in \u00e7erezler kullan\u0131yoruz. \u00c7erez Politikam\u0131z, hangi t\u00fcr \u00e7erezleri kulland\u0131\u011f\u0131m\u0131z ve bunlar\u0131 nas\u0131l kulland\u0131\u011f\u0131m\u0131z hakk\u0131nda daha fazla ayr\u0131nt\u0131 sunar. Web sitesini kullanarak, bu politikaya uygun olarak \u00e7erezleri kullanmam\u0131z\u0131 kabul etmi\u015f olursunuz.<\/div><h4>5. Garanti Feragatnamesi<\/h4><div>Bu web sitesi ve i\u00e7eri\u011fi, ticarete uygunluk, belirli bir amaca uygunluk ve ihlal etmeme ile ilgili z\u0131mni garantiler dahil ancak bunlarla s\u0131n\u0131rl\u0131 olmamak \u00fczere, herhangi bir t\u00fcrde a\u00e7\u0131k veya z\u0131mni garantiler olmaks\u0131z\u0131n \"oldu\u011fu gibi\" sa\u011flanmaktad\u0131r.<\/div><div>\u00a0<\/div><div>Tawron, web sitesinin her zaman kullan\u0131labilir olaca\u011f\u0131n\u0131 veya web sitesinde sa\u011flanan bilgilerin do\u011fru, eksiksiz veya g\u00fcncel olaca\u011f\u0131n\u0131 garanti etmez.<\/div><h4>6. Sorumluluk S\u0131n\u0131rlamas\u0131<\/h4><div>Tawron, direkt\u00f6rleri, \u00e7al\u0131\u015fanlar\u0131 veya acenteleri, web sitesini kullan\u0131m\u0131n\u0131zdan do\u011fan herhangi bir zarardan sorumlu de\u011fildir. Bu, do\u011frudan, dolayl\u0131, tesad\u00fcfi, cezai veya sonu\u00e7 olarak ortaya \u00e7\u0131kan zararlar dahil ancak bunlarla s\u0131n\u0131rl\u0131 de\u011fildir.<\/div><h4>7. \u00dc\u00e7\u00fcnc\u00fc Taraf Ba\u011flant\u0131lar<\/h4><div>Bu web sitesi \u00fc\u00e7\u00fcnc\u00fc taraf web sitelerine ba\u011flant\u0131lar i\u00e7erebilir. Bu ba\u011flant\u0131lar size kolayl\u0131k sa\u011flamak amac\u0131yla sa\u011flanm\u0131\u015ft\u0131r ve bu web sitelerinin i\u00e7eri\u011fini onaylad\u0131\u011f\u0131m\u0131z anlam\u0131na gelmez. Tawron, bu \u00fc\u00e7\u00fcnc\u00fc taraf web sitelerinin i\u00e7eri\u011fi veya uygulamalar\u0131 ile ilgili sorumluluk kabul etmez.<\/div><h4>8. Ge\u00e7erli Hukuk<\/h4><div>Bu Hizmet Ko\u015fullar\u0131, Hollanda yasalar\u0131na g\u00f6re y\u00f6netilir ve yorumlan\u0131r. Web sitesinin kullan\u0131m\u0131ndan do\u011facak herhangi bir anla\u015fmazl\u0131k, Hollanda mahkemelerinin m\u00fcnhas\u0131r yarg\u0131 yetkisine tabidir.<\/div><div>\u00a0<\/div><div><h4>9. Hizmet Ko\u015fullar\u0131nda De\u011fi\u015fiklikler<\/h4><p>Tawron, bu Hizmet Ko\u015fullar\u0131n\u0131 herhangi bir zamanda de\u011fi\u015ftirme hakk\u0131n\u0131 sakl\u0131 tutar. De\u011fi\u015fiklikler bu sayfada yay\u0131nlanacak ve bu de\u011fi\u015fikliklerden sonra web sitesini kullanmaya devam etmeniz, yeni \u015fartlar\u0131 kabul etti\u011finiz anlam\u0131na gelecektir.<\/p><h4>10. \u0130leti\u015fime Ge\u00e7in<\/h4><p>E\u011fer bu Hizmet \u015eartlar\u0131 hakk\u0131nda sorular\u0131n\u0131z varsa, bizimle buradan ileti\u015fime ge\u00e7ebilirsiniz: <strong>info@tawron.com<\/strong>.<\/p><\/div>\t\t\t\t\t\t\t\t<\/div>\n\t\t\t\t<\/div>\n\t\t\t\t\t<\/div>\n\t\t\t\t<\/div>\n\t\t\t\t<\/div>","protected":false},"excerpt":{"rendered":"<p>Laatst bijgewerkt: September 2024\u00a0Welkom op de website van Tawron (&#8220;www.tawron.com&#8220;). Door toegang te krijgen tot of gebruik te maken van onze website, [&hellip;]<\/p>\n","protected":false},"author":2,"featured_media":0,"parent":0,"menu_order":0,"comment_status":"closed","ping_status":"closed","template":"","meta":{"footnotes":""},"class_list":["post-1156","page","type-page","status-publish","hentry"],"yoast_head":"<!-- This site is optimized with the Yoast SEO plugin v27.4 - https:\/\/yoast.com\/product\/yoast-seo-wordpress\/ -->\n<title>Servicevoorwaarden - TAWRON - HR Oplossingen &amp; Werving<\/title>\n<meta name=\"robots\" content=\"index, follow, max-snippet:-1, max-image-preview:large, max-video-preview:-1\" \/>\n<link rel=\"canonical\" href=\"https:\/\/tawron.com\/tr\/algemene-voorwaarden\/\" \/>\n<meta property=\"og:locale\" content=\"tr_TR\" \/>\n<meta property=\"og:type\" content=\"article\" \/>\n<meta property=\"og:title\" content=\"Servicevoorwaarden - TAWRON - HR Oplossingen &amp; Werving\" \/>\n<meta property=\"og:description\" content=\"Laatst bijgewerkt: September 2024\u00a0Welkom op de website van Tawron (&#8220;www.tawron.com&#8220;). Door toegang te krijgen tot of gebruik te maken van onze website, [&hellip;]\" \/>\n<meta property=\"og:url\" content=\"https:\/\/tawron.com\/tr\/algemene-voorwaarden\/\" \/>\n<meta property=\"og:site_name\" content=\"TAWRON - HR Oplossingen &amp; Werving\" \/>\n<meta property=\"article:modified_time\" content=\"2024-09-19T08:16:33+00:00\" \/>\n<meta name=\"twitter:card\" content=\"summary_large_image\" \/>\n<meta name=\"twitter:site\" content=\"@tawronbv\" \/>\n<meta name=\"twitter:label1\" content=\"Tahmini okuma s\u00fcresi\" \/>\n\t<meta name=\"twitter:data1\" content=\"3 dakika\" \/>\n<script type=\"application\/ld+json\" class=\"yoast-schema-graph\">{\"@context\":\"https:\\\/\\\/schema.org\",\"@graph\":[{\"@type\":\"WebPage\",\"@id\":\"https:\\\/\\\/tawron.com\\\/algemene-voorwaarden\\\/\",\"url\":\"https:\\\/\\\/tawron.com\\\/algemene-voorwaarden\\\/\",\"name\":\"Servicevoorwaarden - TAWRON - HR Oplossingen &amp; Werving\",\"isPartOf\":{\"@id\":\"https:\\\/\\\/tawron.com\\\/#website\"},\"datePublished\":\"2024-08-20T12:12:53+00:00\",\"dateModified\":\"2024-09-19T08:16:33+00:00\",\"breadcrumb\":{\"@id\":\"https:\\\/\\\/tawron.com\\\/algemene-voorwaarden\\\/#breadcrumb\"},\"inLanguage\":\"tr\",\"potentialAction\":[{\"@type\":\"ReadAction\",\"target\":[\"https:\\\/\\\/tawron.com\\\/algemene-voorwaarden\\\/\"]}]},{\"@type\":\"BreadcrumbList\",\"@id\":\"https:\\\/\\\/tawron.com\\\/algemene-voorwaarden\\\/#breadcrumb\",\"itemListElement\":[{\"@type\":\"ListItem\",\"position\":1,\"name\":\"Home\",\"item\":\"https:\\\/\\\/tawron.com\\\/\"},{\"@type\":\"ListItem\",\"position\":2,\"name\":\"Servicevoorwaarden\"}]},{\"@type\":\"WebSite\",\"@id\":\"https:\\\/\\\/tawron.com\\\/#website\",\"url\":\"https:\\\/\\\/tawron.com\\\/\",\"name\":\"TAWRON - HR Oplossingen & Werving\",\"description\":\"\",\"publisher\":{\"@id\":\"https:\\\/\\\/tawron.com\\\/#organization\"},\"potentialAction\":[{\"@type\":\"SearchAction\",\"target\":{\"@type\":\"EntryPoint\",\"urlTemplate\":\"https:\\\/\\\/tawron.com\\\/?s={search_term_string}\"},\"query-input\":{\"@type\":\"PropertyValueSpecification\",\"valueRequired\":true,\"valueName\":\"search_term_string\"}}],\"inLanguage\":\"tr\"},{\"@type\":\"Organization\",\"@id\":\"https:\\\/\\\/tawron.com\\\/#organization\",\"name\":\"TAWRON - HR Oplossingen & Werving\",\"url\":\"https:\\\/\\\/tawron.com\\\/\",\"logo\":{\"@type\":\"ImageObject\",\"inLanguage\":\"tr\",\"@id\":\"https:\\\/\\\/tawron.com\\\/#\\\/schema\\\/logo\\\/image\\\/\",\"url\":\"https:\\\/\\\/tawron.com\\\/wp-content\\\/uploads\\\/2024\\\/07\\\/tawron_logo_light.svg\",\"contentUrl\":\"https:\\\/\\\/tawron.com\\\/wp-content\\\/uploads\\\/2024\\\/07\\\/tawron_logo_light.svg\",\"width\":240,\"height\":53,\"caption\":\"TAWRON - HR Oplossingen & Werving\"},\"image\":{\"@id\":\"https:\\\/\\\/tawron.com\\\/#\\\/schema\\\/logo\\\/image\\\/\"},\"sameAs\":[\"https:\\\/\\\/x.com\\\/tawronbv\",\"http:\\\/\\\/www.linkedin.com\\\/company\\\/tawronbv\\\/\",\"https:\\\/\\\/www.instagram.com\\\/tawronbv\\\/\"]}]}<\/script>\n<!-- \/ Yoast SEO plugin. -->","yoast_head_json":{"title":"Servicevoorwaarden - TAWRON - HR Oplossingen &amp; Werving","robots":{"index":"index","follow":"follow","max-snippet":"max-snippet:-1","max-image-preview":"max-image-preview:large","max-video-preview":"max-video-preview:-1"},"canonical":"https:\/\/tawron.com\/tr\/algemene-voorwaarden\/","og_locale":"tr_TR","og_type":"article","og_title":"Servicevoorwaarden - TAWRON - HR Oplossingen &amp; Werving","og_description":"Laatst bijgewerkt: September 2024\u00a0Welkom op de website van Tawron (&#8220;www.tawron.com&#8220;). Door toegang te krijgen tot of gebruik te maken van onze website, [&hellip;]","og_url":"https:\/\/tawron.com\/tr\/algemene-voorwaarden\/","og_site_name":"TAWRON - HR Oplossingen &amp; Werving","article_modified_time":"2024-09-19T08:16:33+00:00","twitter_card":"summary_large_image","twitter_site":"@tawronbv","twitter_misc":{"Tahmini okuma s\u00fcresi":"3 dakika"},"schema":{"@context":"https:\/\/schema.org","@graph":[{"@type":"WebPage","@id":"https:\/\/tawron.com\/algemene-voorwaarden\/","url":"https:\/\/tawron.com\/algemene-voorwaarden\/","name":"Servicevoorwaarden - TAWRON - HR Oplossingen &amp; Werving","isPartOf":{"@id":"https:\/\/tawron.com\/#website"},"datePublished":"2024-08-20T12:12:53+00:00","dateModified":"2024-09-19T08:16:33+00:00","breadcrumb":{"@id":"https:\/\/tawron.com\/algemene-voorwaarden\/#breadcrumb"},"inLanguage":"tr","potentialAction":[{"@type":"ReadAction","target":["https:\/\/tawron.com\/algemene-voorwaarden\/"]}]},{"@type":"BreadcrumbList","@id":"https:\/\/tawron.com\/algemene-voorwaarden\/#breadcrumb","itemListElement":[{"@type":"ListItem","position":1,"name":"Home","item":"https:\/\/tawron.com\/"},{"@type":"ListItem","position":2,"name":"Servicevoorwaarden"}]},{"@type":"WebSite","@id":"https:\/\/tawron.com\/#website","url":"https:\/\/tawron.com\/","name":"TAWRON - HR Oplossingen & Werving","description":"","publisher":{"@id":"https:\/\/tawron.com\/#organization"},"potentialAction":[{"@type":"SearchAction","target":{"@type":"EntryPoint","urlTemplate":"https:\/\/tawron.com\/?s={search_term_string}"},"query-input":{"@type":"PropertyValueSpecification","valueRequired":true,"valueName":"search_term_string"}}],"inLanguage":"tr"},{"@type":"Organization","@id":"https:\/\/tawron.com\/#organization","name":"TAWRON - HR Oplossingen & Werving","url":"https:\/\/tawron.com\/","logo":{"@type":"ImageObject","inLanguage":"tr","@id":"https:\/\/tawron.com\/#\/schema\/logo\/image\/","url":"https:\/\/tawron.com\/wp-content\/uploads\/2024\/07\/tawron_logo_light.svg","contentUrl":"https:\/\/tawron.com\/wp-content\/uploads\/2024\/07\/tawron_logo_light.svg","width":240,"height":53,"caption":"TAWRON - HR Oplossingen & Werving"},"image":{"@id":"https:\/\/tawron.com\/#\/schema\/logo\/image\/"},"sameAs":["https:\/\/x.com\/tawronbv","http:\/\/www.linkedin.com\/company\/tawronbv\/","https:\/\/www.instagram.com\/tawronbv\/"]}]}},"_links":{"self":[{"href":"https:\/\/tawron.com\/tr\/wp-json\/wp\/v2\/pages\/1156","targetHints":{"allow":["GET"]}}],"collection":[{"href":"https:\/\/tawron.com\/tr\/wp-json\/wp\/v2\/pages"}],"about":[{"href":"https:\/\/tawron.com\/tr\/wp-json\/wp\/v2\/types\/page"}],"author":[{"embeddable":true,"href":"https:\/\/tawron.com\/tr\/wp-json\/wp\/v2\/users\/2"}],"replies":[{"embeddable":true,"href":"https:\/\/tawron.com\/tr\/wp-json\/wp\/v2\/comments?post=1156"}],"version-history":[{"count":23,"href":"https:\/\/tawron.com\/tr\/wp-json\/wp\/v2\/pages\/1156\/revisions"}],"predecessor-version":[{"id":1963,"href":"https:\/\/tawron.com\/tr\/wp-json\/wp\/v2\/pages\/1156\/revisions\/1963"}],"wp:attachment":[{"href":"https:\/\/tawron.com\/tr\/wp-json\/wp\/v2\/media?parent=1156"}],"curies":[{"name":"wp","href":"https:\/\/api.w.org\/{rel}","templated":true}]}}