{"id":1423,"date":"2024-08-29T09:28:37","date_gmt":"2024-08-29T09:28:37","guid":{"rendered":"https:\/\/tawron.cliffex.in\/?page_id=1423"},"modified":"2024-09-24T14:16:50","modified_gmt":"2024-09-24T14:16:50","slug":"kansen-voor-expats","status":"publish","type":"page","link":"https:\/\/tawron.com\/tr\/kansen-voor-expats\/","title":{"rendered":"Kansen voor Expats"},"content":{"rendered":"<div data-elementor-type=\"wp-page\" data-elementor-id=\"1423\" class=\"elementor elementor-1423\" data-elementor-settings=\"{&quot;element_pack_global_tooltip_width&quot;:{&quot;unit&quot;:&quot;px&quot;,&quot;size&quot;:&quot;&quot;,&quot;sizes&quot;:[]},&quot;element_pack_global_tooltip_width_tablet&quot;:{&quot;unit&quot;:&quot;px&quot;,&quot;size&quot;:&quot;&quot;,&quot;sizes&quot;:[]},&quot;element_pack_global_tooltip_width_mobile&quot;:{&quot;unit&quot;:&quot;px&quot;,&quot;size&quot;:&quot;&quot;,&quot;sizes&quot;:[]},&quot;element_pack_global_tooltip_padding&quot;:{&quot;unit&quot;:&quot;px&quot;,&quot;top&quot;:&quot;&quot;,&quot;right&quot;:&quot;&quot;,&quot;bottom&quot;:&quot;&quot;,&quot;left&quot;:&quot;&quot;,&quot;isLinked&quot;:true},&quot;element_pack_global_tooltip_padding_tablet&quot;:{&quot;unit&quot;:&quot;px&quot;,&quot;top&quot;:&quot;&quot;,&quot;right&quot;:&quot;&quot;,&quot;bottom&quot;:&quot;&quot;,&quot;left&quot;:&quot;&quot;,&quot;isLinked&quot;:true},&quot;element_pack_global_tooltip_padding_mobile&quot;:{&quot;unit&quot;:&quot;px&quot;,&quot;top&quot;:&quot;&quot;,&quot;right&quot;:&quot;&quot;,&quot;bottom&quot;:&quot;&quot;,&quot;left&quot;:&quot;&quot;,&quot;isLinked&quot;:true},&quot;element_pack_global_tooltip_border_radius&quot;:{&quot;unit&quot;:&quot;px&quot;,&quot;top&quot;:&quot;&quot;,&quot;right&quot;:&quot;&quot;,&quot;bottom&quot;:&quot;&quot;,&quot;left&quot;:&quot;&quot;,&quot;isLinked&quot;:true},&quot;element_pack_global_tooltip_border_radius_tablet&quot;:{&quot;unit&quot;:&quot;px&quot;,&quot;top&quot;:&quot;&quot;,&quot;right&quot;:&quot;&quot;,&quot;bottom&quot;:&quot;&quot;,&quot;left&quot;:&quot;&quot;,&quot;isLinked&quot;:true},&quot;element_pack_global_tooltip_border_radius_mobile&quot;:{&quot;unit&quot;:&quot;px&quot;,&quot;top&quot;:&quot;&quot;,&quot;right&quot;:&quot;&quot;,&quot;bottom&quot;:&quot;&quot;,&quot;left&quot;:&quot;&quot;,&quot;isLinked&quot;:true}}\">\n\t\t\t\t<div class=\"elementor-element elementor-element-16432e1 e-flex e-con-boxed e-con e-parent\" data-id=\"16432e1\" data-element_type=\"container\" data-e-type=\"container\" data-settings=\"{&quot;background_background&quot;:&quot;classic&quot;,&quot;section_parallax_on&quot;:&quot;yes&quot;,&quot;section_parallax_value&quot;:{&quot;unit&quot;:&quot;px&quot;,&quot;size&quot;:50,&quot;sizes&quot;:[]},&quot;section_parallax_x_value&quot;:{&quot;unit&quot;:&quot;px&quot;,&quot;size&quot;:&quot;&quot;,&quot;sizes&quot;:[]}}\">\n\t\t\t\t\t<div class=\"e-con-inner\">\n\t\t<div class=\"elementor-element elementor-element-ab5ec85 e-con-full e-flex e-con e-child\" data-id=\"ab5ec85\" data-element_type=\"container\" data-e-type=\"container\">\n\t\t\t\t<div class=\"elementor-element elementor-element-32a0691 elementor-widget__width-initial elementor-invisible elementor-widget elementor-widget-heading\" data-id=\"32a0691\" data-element_type=\"widget\" data-e-type=\"widget\" data-settings=\"{&quot;_animation&quot;:&quot;fadeInUp&quot;}\" data-widget_type=\"heading.default\">\n\t\t\t\t<div class=\"elementor-widget-container\">\n\t\t\t\t\t<h1 class=\"elementor-heading-title elementor-size-default\">Expat 'lar i\u00e7in heyecan verici kariyer f\u0131rsatlar\u0131<\/h1>\t\t\t\t<\/div>\n\t\t\t\t<\/div>\n\t\t\t\t<div class=\"elementor-element elementor-element-2b09af6 elementor-invisible elementor-widget elementor-widget-text-editor\" data-id=\"2b09af6\" data-element_type=\"widget\" data-e-type=\"widget\" data-settings=\"{&quot;_animation&quot;:&quot;fadeInUp&quot;,&quot;_animation_delay&quot;:200}\" data-widget_type=\"text-editor.default\">\n\t\t\t\t<div class=\"elementor-widget-container\">\n\t\t\t\t\t\t\t\t\t<p>Yeni bir \u00fclkede geli\u015fmenize ve uluslararas\u0131 kariyerinizi ilerletmenize yard\u0131mc\u0131 olmak i\u00e7in haz\u0131rlanm\u0131\u015f rolleri ve kapsaml\u0131 deste\u011fi ke\u015ffedin<\/p>\t\t\t\t\t\t\t\t<\/div>\n\t\t\t\t<\/div>\n\t\t\t\t<div class=\"elementor-element elementor-element-bdeb854 elementor-align-center elementor-invisible elementor-widget elementor-widget-button\" data-id=\"bdeb854\" data-element_type=\"widget\" data-e-type=\"widget\" data-settings=\"{&quot;_animation&quot;:&quot;fadeInUp&quot;,&quot;_animation_delay&quot;:400}\" data-widget_type=\"button.default\">\n\t\t\t\t<div class=\"elementor-widget-container\">\n\t\t\t\t\t\t\t\t\t<div class=\"elementor-button-wrapper\">\n\t\t\t\t\t<a class=\"elementor-button elementor-button-link elementor-size-sm\" href=\"http:\/\/l6k.672.myftpupload.com\/vacatures\/\">\n\t\t\t\t\t\t<span class=\"elementor-button-content-wrapper\">\n\t\t\t\t\t\t\t\t\t<span class=\"elementor-button-text\">Yeni i\u015f f\u0131rsatlar\u0131n\u0131 ke\u015ffedin<\/span>\n\t\t\t\t\t<\/span>\n\t\t\t\t\t<\/a>\n\t\t\t\t<\/div>\n\t\t\t\t\t\t\t\t<\/div>\n\t\t\t\t<\/div>\n\t\t\t\t<\/div>\n\t\t\t\t\t<\/div>\n\t\t\t\t<\/div>\n\t\t<div class=\"elementor-element elementor-element-ac05023 e-flex e-con-boxed e-con e-parent\" data-id=\"ac05023\" data-element_type=\"container\" data-e-type=\"container\">\n\t\t\t\t\t<div class=\"e-con-inner\">\n\t\t\t\t<div class=\"elementor-element elementor-element-9f54b44 elementor-widget elementor-widget-heading\" data-id=\"9f54b44\" data-element_type=\"widget\" data-e-type=\"widget\" data-widget_type=\"heading.default\">\n\t\t\t\t<div class=\"elementor-widget-container\">\n\t\t\t\t\t<h2 class=\"elementor-heading-title elementor-size-default\">Expat \u0130\u00e7in \u00d6zel F\u0131rsatlar\u0131n\nKilidini A\u00e7\u0131n<\/h2>\t\t\t\t<\/div>\n\t\t\t\t<\/div>\n\t\t<div class=\"elementor-element elementor-element-1dbdc63 e-con-full e-flex e-con e-child\" data-id=\"1dbdc63\" data-element_type=\"container\" data-e-type=\"container\">\n\t\t<div class=\"elementor-element elementor-element-c3c3ea3 e-con-full e-flex e-con e-child\" data-id=\"c3c3ea3\" data-element_type=\"container\" data-e-type=\"container\" data-settings=\"{&quot;background_background&quot;:&quot;classic&quot;}\">\n\t\t\t\t<\/div>\n\t\t<div class=\"elementor-element elementor-element-6f99396 e-con-full e-flex e-con e-child\" data-id=\"6f99396\" data-element_type=\"container\" data-e-type=\"container\">\n\t\t\t\t<div class=\"elementor-element elementor-element-7bfef7a elementor-widget elementor-widget-text-editor\" data-id=\"7bfef7a\" data-element_type=\"widget\" data-e-type=\"widget\" data-widget_type=\"text-editor.default\">\n\t\t\t\t<div class=\"elementor-widget-container\">\n\t\t\t\t\t\t\t\t\t<div><p>Tawron, IT profesyonellerine Hollanda'da kariyerlerini ilerletebilmeleri i\u00e7in \u00f6zel f\u0131rsatlar sunuyor. Ge\u00e7ici pozisyonlardan uzun vadeli g\u00f6revlere kadar, uluslararas\u0131 deneyiminizi ve teknik uzmanl\u0131\u011f\u0131n\u0131z\u0131 takdir eden bir \u015firkette \u00e7al\u0131\u015fma f\u0131rsat\u0131na sahipsiniz. Geli\u015fmi\u015f teknolojilerle \u00e7al\u0131\u015fma, \u00fcst d\u00fczey profesyonellerle i\u015fbirli\u011fi yapma ve Avrupa'n\u0131n en \u00f6nemli teknoloji merkezlerinden birinde kariyerinizi g\u00fc\u00e7lendirme \u015fans\u0131 sizi bekliyor.<\/p><\/div>\t\t\t\t\t\t\t\t<\/div>\n\t\t\t\t<\/div>\n\t\t\t\t<\/div>\n\t\t\t\t<\/div>\n\t\t<div class=\"elementor-element elementor-element-7cbdead e-con-full e-flex e-con e-child\" data-id=\"7cbdead\" data-element_type=\"container\" data-e-type=\"container\">\n\t\t<div class=\"elementor-element elementor-element-bfa5cf7 e-con-full e-flex e-con e-child\" data-id=\"bfa5cf7\" data-element_type=\"container\" data-e-type=\"container\">\n\t\t\t\t<div class=\"elementor-element elementor-element-8353028 elementor-widget elementor-widget-text-editor\" data-id=\"8353028\" data-element_type=\"widget\" data-e-type=\"widget\" data-widget_type=\"text-editor.default\">\n\t\t\t\t<div class=\"elementor-widget-container\">\n\t\t\t\t\t\t\t\t\t<div><p>Bunun \u00f6tesinde, Tawron olarak Hollanda'ya ta\u015f\u0131nman\u0131n ve yerle\u015fmenin getirdi\u011fi zorluklarda da kapsaml\u0131 destek sa\u011fl\u0131yoruz. \u00c7al\u0131\u015fma vizeleri, yasal gereksinimler, k\u00fclt\u00fcrel oryantasyon ve dil kaynaklar\u0131 gibi t\u00fcm konularda yan\u0131n\u0131zday\u0131z. Amac\u0131m\u0131z, do\u011fru pozisyonu bulman\u0131z\u0131 sa\u011flaman\u0131n yan\u0131 s\u0131ra, bu yeni kariyer yolculu\u011funuzda hem profesyonel hem de ki\u015fisel anlamda ba\u015far\u0131l\u0131 olman\u0131z i\u00e7in ihtiyac\u0131n\u0131z olan t\u00fcm deste\u011fi sunmakt\u0131r.<\/p><\/div>\t\t\t\t\t\t\t\t<\/div>\n\t\t\t\t<\/div>\n\t\t\t\t<\/div>\n\t\t<div class=\"elementor-element elementor-element-04114e7 e-con-full e-flex e-con e-child\" data-id=\"04114e7\" data-element_type=\"container\" data-e-type=\"container\" data-settings=\"{&quot;background_background&quot;:&quot;classic&quot;}\">\n\t\t\t\t<\/div>\n\t\t\t\t<\/div>\n\t\t\t\t\t<\/div>\n\t\t\t\t<\/div>\n\t\t\t\t<\/div>","protected":false},"excerpt":{"rendered":"<p>Wij bieden expats inspirerende carri\u00e8rekansen Ontdek op maat gemaakte functies en persoonlijke ondersteuning, zodat je succesvol kunt zijn in een nieuw land [&hellip;]<\/p>\n","protected":false},"author":2,"featured_media":0,"parent":0,"menu_order":0,"comment_status":"closed","ping_status":"closed","template":"","meta":{"footnotes":""},"class_list":["post-1423","page","type-page","status-publish","hentry"],"yoast_head":"<!-- This site is optimized with the Yoast SEO plugin v27.4 - https:\/\/yoast.com\/product\/yoast-seo-wordpress\/ -->\n<title>Kansen voor Expats - TAWRON - HR Oplossingen &amp; Werving<\/title>\n<meta name=\"robots\" content=\"index, follow, max-snippet:-1, max-image-preview:large, max-video-preview:-1\" \/>\n<link rel=\"canonical\" href=\"https:\/\/tawron.com\/tr\/kansen-voor-expats\/\" \/>\n<meta property=\"og:locale\" content=\"tr_TR\" \/>\n<meta property=\"og:type\" content=\"article\" \/>\n<meta property=\"og:title\" content=\"Kansen voor Expats - TAWRON - HR Oplossingen &amp; Werving\" \/>\n<meta property=\"og:description\" content=\"Wij bieden expats inspirerende carri\u00e8rekansen Ontdek op maat gemaakte functies en persoonlijke ondersteuning, zodat je succesvol kunt zijn in een nieuw land [&hellip;]\" \/>\n<meta property=\"og:url\" content=\"https:\/\/tawron.com\/tr\/kansen-voor-expats\/\" \/>\n<meta property=\"og:site_name\" content=\"TAWRON - HR Oplossingen &amp; Werving\" \/>\n<meta property=\"article:modified_time\" content=\"2024-09-24T14:16:50+00:00\" \/>\n<meta name=\"twitter:card\" content=\"summary_large_image\" \/>\n<meta name=\"twitter:site\" content=\"@tawronbv\" \/>\n<meta name=\"twitter:label1\" content=\"Tahmini okuma s\u00fcresi\" \/>\n\t<meta name=\"twitter:data1\" content=\"1 dakika\" \/>\n<script type=\"application\/ld+json\" class=\"yoast-schema-graph\">{\"@context\":\"https:\\\/\\\/schema.org\",\"@graph\":[{\"@type\":\"WebPage\",\"@id\":\"https:\\\/\\\/tawron.com\\\/kansen-voor-expats\\\/\",\"url\":\"https:\\\/\\\/tawron.com\\\/kansen-voor-expats\\\/\",\"name\":\"Kansen voor Expats - TAWRON - HR Oplossingen &amp; Werving\",\"isPartOf\":{\"@id\":\"https:\\\/\\\/tawron.com\\\/#website\"},\"datePublished\":\"2024-08-29T09:28:37+00:00\",\"dateModified\":\"2024-09-24T14:16:50+00:00\",\"breadcrumb\":{\"@id\":\"https:\\\/\\\/tawron.com\\\/kansen-voor-expats\\\/#breadcrumb\"},\"inLanguage\":\"tr\",\"potentialAction\":[{\"@type\":\"ReadAction\",\"target\":[\"https:\\\/\\\/tawron.com\\\/kansen-voor-expats\\\/\"]}]},{\"@type\":\"BreadcrumbList\",\"@id\":\"https:\\\/\\\/tawron.com\\\/kansen-voor-expats\\\/#breadcrumb\",\"itemListElement\":[{\"@type\":\"ListItem\",\"position\":1,\"name\":\"Home\",\"item\":\"https:\\\/\\\/tawron.com\\\/\"},{\"@type\":\"ListItem\",\"position\":2,\"name\":\"Kansen voor Expats\"}]},{\"@type\":\"WebSite\",\"@id\":\"https:\\\/\\\/tawron.com\\\/#website\",\"url\":\"https:\\\/\\\/tawron.com\\\/\",\"name\":\"TAWRON - HR Oplossingen & Werving\",\"description\":\"\",\"publisher\":{\"@id\":\"https:\\\/\\\/tawron.com\\\/#organization\"},\"potentialAction\":[{\"@type\":\"SearchAction\",\"target\":{\"@type\":\"EntryPoint\",\"urlTemplate\":\"https:\\\/\\\/tawron.com\\\/?s={search_term_string}\"},\"query-input\":{\"@type\":\"PropertyValueSpecification\",\"valueRequired\":true,\"valueName\":\"search_term_string\"}}],\"inLanguage\":\"tr\"},{\"@type\":\"Organization\",\"@id\":\"https:\\\/\\\/tawron.com\\\/#organization\",\"name\":\"TAWRON - HR Oplossingen & Werving\",\"url\":\"https:\\\/\\\/tawron.com\\\/\",\"logo\":{\"@type\":\"ImageObject\",\"inLanguage\":\"tr\",\"@id\":\"https:\\\/\\\/tawron.com\\\/#\\\/schema\\\/logo\\\/image\\\/\",\"url\":\"https:\\\/\\\/tawron.com\\\/wp-content\\\/uploads\\\/2024\\\/07\\\/tawron_logo_light.svg\",\"contentUrl\":\"https:\\\/\\\/tawron.com\\\/wp-content\\\/uploads\\\/2024\\\/07\\\/tawron_logo_light.svg\",\"width\":240,\"height\":53,\"caption\":\"TAWRON - HR Oplossingen & Werving\"},\"image\":{\"@id\":\"https:\\\/\\\/tawron.com\\\/#\\\/schema\\\/logo\\\/image\\\/\"},\"sameAs\":[\"https:\\\/\\\/x.com\\\/tawronbv\",\"http:\\\/\\\/www.linkedin.com\\\/company\\\/tawronbv\\\/\",\"https:\\\/\\\/www.instagram.com\\\/tawronbv\\\/\"]}]}<\/script>\n<!-- \/ Yoast SEO plugin. -->","yoast_head_json":{"title":"Kansen voor Expats - TAWRON - HR Oplossingen &amp; Werving","robots":{"index":"index","follow":"follow","max-snippet":"max-snippet:-1","max-image-preview":"max-image-preview:large","max-video-preview":"max-video-preview:-1"},"canonical":"https:\/\/tawron.com\/tr\/kansen-voor-expats\/","og_locale":"tr_TR","og_type":"article","og_title":"Kansen voor Expats - TAWRON - HR Oplossingen &amp; Werving","og_description":"Wij bieden expats inspirerende carri\u00e8rekansen Ontdek op maat gemaakte functies en persoonlijke ondersteuning, zodat je succesvol kunt zijn in een nieuw land [&hellip;]","og_url":"https:\/\/tawron.com\/tr\/kansen-voor-expats\/","og_site_name":"TAWRON - HR Oplossingen &amp; Werving","article_modified_time":"2024-09-24T14:16:50+00:00","twitter_card":"summary_large_image","twitter_site":"@tawronbv","twitter_misc":{"Tahmini okuma s\u00fcresi":"1 dakika"},"schema":{"@context":"https:\/\/schema.org","@graph":[{"@type":"WebPage","@id":"https:\/\/tawron.com\/kansen-voor-expats\/","url":"https:\/\/tawron.com\/kansen-voor-expats\/","name":"Kansen voor Expats - TAWRON - HR Oplossingen &amp; Werving","isPartOf":{"@id":"https:\/\/tawron.com\/#website"},"datePublished":"2024-08-29T09:28:37+00:00","dateModified":"2024-09-24T14:16:50+00:00","breadcrumb":{"@id":"https:\/\/tawron.com\/kansen-voor-expats\/#breadcrumb"},"inLanguage":"tr","potentialAction":[{"@type":"ReadAction","target":["https:\/\/tawron.com\/kansen-voor-expats\/"]}]},{"@type":"BreadcrumbList","@id":"https:\/\/tawron.com\/kansen-voor-expats\/#breadcrumb","itemListElement":[{"@type":"ListItem","position":1,"name":"Home","item":"https:\/\/tawron.com\/"},{"@type":"ListItem","position":2,"name":"Kansen voor Expats"}]},{"@type":"WebSite","@id":"https:\/\/tawron.com\/#website","url":"https:\/\/tawron.com\/","name":"TAWRON - HR Oplossingen & Werving","description":"","publisher":{"@id":"https:\/\/tawron.com\/#organization"},"potentialAction":[{"@type":"SearchAction","target":{"@type":"EntryPoint","urlTemplate":"https:\/\/tawron.com\/?s={search_term_string}"},"query-input":{"@type":"PropertyValueSpecification","valueRequired":true,"valueName":"search_term_string"}}],"inLanguage":"tr"},{"@type":"Organization","@id":"https:\/\/tawron.com\/#organization","name":"TAWRON - HR Oplossingen & Werving","url":"https:\/\/tawron.com\/","logo":{"@type":"ImageObject","inLanguage":"tr","@id":"https:\/\/tawron.com\/#\/schema\/logo\/image\/","url":"https:\/\/tawron.com\/wp-content\/uploads\/2024\/07\/tawron_logo_light.svg","contentUrl":"https:\/\/tawron.com\/wp-content\/uploads\/2024\/07\/tawron_logo_light.svg","width":240,"height":53,"caption":"TAWRON - HR Oplossingen & Werving"},"image":{"@id":"https:\/\/tawron.com\/#\/schema\/logo\/image\/"},"sameAs":["https:\/\/x.com\/tawronbv","http:\/\/www.linkedin.com\/company\/tawronbv\/","https:\/\/www.instagram.com\/tawronbv\/"]}]}},"_links":{"self":[{"href":"https:\/\/tawron.com\/tr\/wp-json\/wp\/v2\/pages\/1423","targetHints":{"allow":["GET"]}}],"collection":[{"href":"https:\/\/tawron.com\/tr\/wp-json\/wp\/v2\/pages"}],"about":[{"href":"https:\/\/tawron.com\/tr\/wp-json\/wp\/v2\/types\/page"}],"author":[{"embeddable":true,"href":"https:\/\/tawron.com\/tr\/wp-json\/wp\/v2\/users\/2"}],"replies":[{"embeddable":true,"href":"https:\/\/tawron.com\/tr\/wp-json\/wp\/v2\/comments?post=1423"}],"version-history":[{"count":27,"href":"https:\/\/tawron.com\/tr\/wp-json\/wp\/v2\/pages\/1423\/revisions"}],"predecessor-version":[{"id":2180,"href":"https:\/\/tawron.com\/tr\/wp-json\/wp\/v2\/pages\/1423\/revisions\/2180"}],"wp:attachment":[{"href":"https:\/\/tawron.com\/tr\/wp-json\/wp\/v2\/media?parent=1423"}],"curies":[{"name":"wp","href":"https:\/\/api.w.org\/{rel}","templated":true}]}}