{"id":1871,"date":"2024-09-16T06:10:25","date_gmt":"2024-09-16T06:10:25","guid":{"rendered":"https:\/\/tawron.cliffex.in\/?page_id=1871"},"modified":"2024-09-17T04:54:32","modified_gmt":"2024-09-17T04:54:32","slug":"talha-anil-ulu","status":"publish","type":"page","link":"https:\/\/tawron.com\/tr\/talha-anil-ulu\/","title":{"rendered":"Talha Anil Ulu"},"content":{"rendered":"<div data-elementor-type=\"wp-page\" data-elementor-id=\"1871\" class=\"elementor elementor-1871\" data-elementor-settings=\"{&quot;element_pack_global_tooltip_width&quot;:{&quot;unit&quot;:&quot;px&quot;,&quot;size&quot;:&quot;&quot;,&quot;sizes&quot;:[]},&quot;element_pack_global_tooltip_width_tablet&quot;:{&quot;unit&quot;:&quot;px&quot;,&quot;size&quot;:&quot;&quot;,&quot;sizes&quot;:[]},&quot;element_pack_global_tooltip_width_mobile&quot;:{&quot;unit&quot;:&quot;px&quot;,&quot;size&quot;:&quot;&quot;,&quot;sizes&quot;:[]},&quot;element_pack_global_tooltip_padding&quot;:{&quot;unit&quot;:&quot;px&quot;,&quot;top&quot;:&quot;&quot;,&quot;right&quot;:&quot;&quot;,&quot;bottom&quot;:&quot;&quot;,&quot;left&quot;:&quot;&quot;,&quot;isLinked&quot;:true},&quot;element_pack_global_tooltip_padding_tablet&quot;:{&quot;unit&quot;:&quot;px&quot;,&quot;top&quot;:&quot;&quot;,&quot;right&quot;:&quot;&quot;,&quot;bottom&quot;:&quot;&quot;,&quot;left&quot;:&quot;&quot;,&quot;isLinked&quot;:true},&quot;element_pack_global_tooltip_padding_mobile&quot;:{&quot;unit&quot;:&quot;px&quot;,&quot;top&quot;:&quot;&quot;,&quot;right&quot;:&quot;&quot;,&quot;bottom&quot;:&quot;&quot;,&quot;left&quot;:&quot;&quot;,&quot;isLinked&quot;:true},&quot;element_pack_global_tooltip_border_radius&quot;:{&quot;unit&quot;:&quot;px&quot;,&quot;top&quot;:&quot;&quot;,&quot;right&quot;:&quot;&quot;,&quot;bottom&quot;:&quot;&quot;,&quot;left&quot;:&quot;&quot;,&quot;isLinked&quot;:true},&quot;element_pack_global_tooltip_border_radius_tablet&quot;:{&quot;unit&quot;:&quot;px&quot;,&quot;top&quot;:&quot;&quot;,&quot;right&quot;:&quot;&quot;,&quot;bottom&quot;:&quot;&quot;,&quot;left&quot;:&quot;&quot;,&quot;isLinked&quot;:true},&quot;element_pack_global_tooltip_border_radius_mobile&quot;:{&quot;unit&quot;:&quot;px&quot;,&quot;top&quot;:&quot;&quot;,&quot;right&quot;:&quot;&quot;,&quot;bottom&quot;:&quot;&quot;,&quot;left&quot;:&quot;&quot;,&quot;isLinked&quot;:true}}\">\n\t\t\t\t<div class=\"elementor-element elementor-element-e6388f3 e-flex e-con-boxed e-con e-parent\" data-id=\"e6388f3\" data-element_type=\"container\" data-e-type=\"container\">\n\t\t\t\t\t<div class=\"e-con-inner\">\n\t\t\t\t<div class=\"elementor-element elementor-element-143d946 elementor-widget elementor-widget-text-editor\" data-id=\"143d946\" data-element_type=\"widget\" data-e-type=\"widget\" data-widget_type=\"text-editor.default\">\n\t\t\t\t<div class=\"elementor-widget-container\">\n\t\t\t\t\t\t\t\t\t<p>Talha An\u0131l Ulu, T\u00fcrkiye'deki \u00fcst d\u00fczey IT yeteneklerini Hollanda'daki f\u0131rsatlarla bulu\u015fturma misyonuna sahip Tawron'un arkas\u0131ndaki itici g\u00fc\u00e7lerden biridir. Hollanda'n\u0131n Rotterdam kentinde do\u011fan An\u0131l'\u0131n yolculu\u011fu onu \u00e7e\u015fitli \u00fclkelerden ge\u00e7irdi ve bu da onun \u00e7e\u015fitli ve dinamik kariyerini \u015fekillendirdi. An\u0131l, hayat\u0131n\u0131n ilk 14 y\u0131l\u0131n\u0131 Hollanda\u2019da ge\u00e7irdikten sonra d\u00f6rt y\u0131l e\u011fitim g\u00f6rd\u00fc\u011f\u00fc T\u00fcrkiye\u2019ye ta\u015f\u0131nd\u0131 ve ard\u0131ndan e\u011fitimine \u00fc\u00e7 y\u0131l daha devam etti\u011fi \u0130ngiltere\u2019ye ta\u015f\u0131nd\u0131.<\/p><p>An\u0131l, Birle\u015fik Krall\u0131k\u2019\u0131n en prestijli \u00fcniversitelerinden biri olan Royal Holloway, University of London\u2019da Ekonomi Lisans\u0131n\u0131 tamamlad\u0131. Akademik ge\u00e7mi\u015fi, profesyonel yolculu\u011funa g\u00fc\u00e7l\u00fc bir temel olu\u015fturdu. Hollanda'da \u00f6deme sekt\u00f6r\u00fcnde kariyerine ba\u015flayan An\u0131l, end\u00fcstri bilgisi ve uluslararas\u0131 organizasyonlarla ilgili becerilerini geli\u015ftirdi. Ard\u0131ndan T\u00fcrkiye\u2019de yat\u0131r\u0131m sekt\u00f6r\u00fcne girerek bir y\u0131ldan fazla bir s\u00fcre bu alanda deneyim kazand\u0131 ve finans alan\u0131ndaki yetkinliklerini daha da geli\u015ftirdi.<\/p><p>Bug\u00fcn An\u0131l, Tawron\u2019un b\u00fcy\u00fcmesine ve ba\u015far\u0131s\u0131na tamamen odaklanm\u0131\u015f durumda ve T\u00fcrkiye\u2019deki zengin IT profesyonelleri havuzu ile Hollanda\u2019daki nitelikli i\u015f g\u00fcc\u00fc talebi aras\u0131ndaki bo\u015flu\u011fu kapatmay\u0131 hedefliyor. An\u0131l\u2019\u0131n vizyonu, profesyoneller ve \u015firketler i\u00e7in f\u0131rsatlar yaratmak ve teknoloji sekt\u00f6r\u00fcnde b\u00fcy\u00fcmeyi ve yenili\u011fi te\u015fvik etmektir. Ekonomi alan\u0131ndaki sa\u011flam ge\u00e7mi\u015fi ve hem T\u00fcrk hem de Hollanda pazarlar\u0131na dair derin anlay\u0131\u015f\u0131yla An\u0131l, i\u015fe al\u0131m ve d\u0131\u015f kaynak kullan\u0131m\u0131 alan\u0131nda \u00f6nemli bir etki yaratmaya haz\u0131rlan\u0131yor.<\/p>\t\t\t\t\t\t\t\t<\/div>\n\t\t\t\t<\/div>\n\t\t\t\t\t<\/div>\n\t\t\t\t<\/div>\n\t\t\t\t<\/div>","protected":false},"excerpt":{"rendered":"<p>Talha Anil Ulu is een van de drijvende krachten achter Tawron, een bedrijf dat zich toelegt op het verbinden van top IT-talent [&hellip;]<\/p>\n","protected":false},"author":2,"featured_media":0,"parent":0,"menu_order":0,"comment_status":"closed","ping_status":"closed","template":"","meta":{"footnotes":""},"class_list":["post-1871","page","type-page","status-publish","hentry"],"yoast_head":"<!-- This site is optimized with the Yoast SEO plugin v27.4 - https:\/\/yoast.com\/product\/yoast-seo-wordpress\/ -->\n<title>Talha Anil Ulu - TAWRON - HR Oplossingen &amp; Werving<\/title>\n<meta name=\"robots\" content=\"index, follow, max-snippet:-1, max-image-preview:large, max-video-preview:-1\" \/>\n<link rel=\"canonical\" href=\"https:\/\/tawron.com\/tr\/talha-anil-ulu\/\" \/>\n<meta property=\"og:locale\" content=\"tr_TR\" \/>\n<meta property=\"og:type\" content=\"article\" \/>\n<meta property=\"og:title\" content=\"Talha Anil Ulu - TAWRON - HR Oplossingen &amp; Werving\" \/>\n<meta property=\"og:description\" content=\"Talha Anil Ulu is een van de drijvende krachten achter Tawron, een bedrijf dat zich toelegt op het verbinden van top IT-talent [&hellip;]\" \/>\n<meta property=\"og:url\" content=\"https:\/\/tawron.com\/tr\/talha-anil-ulu\/\" \/>\n<meta property=\"og:site_name\" content=\"TAWRON - HR Oplossingen &amp; Werving\" \/>\n<meta property=\"article:modified_time\" content=\"2024-09-17T04:54:32+00:00\" \/>\n<meta name=\"twitter:card\" content=\"summary_large_image\" \/>\n<meta name=\"twitter:site\" content=\"@tawronbv\" \/>\n<meta name=\"twitter:label1\" content=\"Tahmini okuma s\u00fcresi\" \/>\n\t<meta name=\"twitter:data1\" content=\"2 dakika\" \/>\n<script type=\"application\/ld+json\" class=\"yoast-schema-graph\">{\"@context\":\"https:\\\/\\\/schema.org\",\"@graph\":[{\"@type\":\"WebPage\",\"@id\":\"https:\\\/\\\/tawron.com\\\/talha-anil-ulu\\\/\",\"url\":\"https:\\\/\\\/tawron.com\\\/talha-anil-ulu\\\/\",\"name\":\"Talha Anil Ulu - TAWRON - HR Oplossingen &amp; Werving\",\"isPartOf\":{\"@id\":\"https:\\\/\\\/tawron.com\\\/#website\"},\"datePublished\":\"2024-09-16T06:10:25+00:00\",\"dateModified\":\"2024-09-17T04:54:32+00:00\",\"breadcrumb\":{\"@id\":\"https:\\\/\\\/tawron.com\\\/talha-anil-ulu\\\/#breadcrumb\"},\"inLanguage\":\"tr\",\"potentialAction\":[{\"@type\":\"ReadAction\",\"target\":[\"https:\\\/\\\/tawron.com\\\/talha-anil-ulu\\\/\"]}]},{\"@type\":\"BreadcrumbList\",\"@id\":\"https:\\\/\\\/tawron.com\\\/talha-anil-ulu\\\/#breadcrumb\",\"itemListElement\":[{\"@type\":\"ListItem\",\"position\":1,\"name\":\"Home\",\"item\":\"https:\\\/\\\/tawron.com\\\/\"},{\"@type\":\"ListItem\",\"position\":2,\"name\":\"Talha Anil Ulu\"}]},{\"@type\":\"WebSite\",\"@id\":\"https:\\\/\\\/tawron.com\\\/#website\",\"url\":\"https:\\\/\\\/tawron.com\\\/\",\"name\":\"TAWRON - HR Oplossingen & Werving\",\"description\":\"\",\"publisher\":{\"@id\":\"https:\\\/\\\/tawron.com\\\/#organization\"},\"potentialAction\":[{\"@type\":\"SearchAction\",\"target\":{\"@type\":\"EntryPoint\",\"urlTemplate\":\"https:\\\/\\\/tawron.com\\\/?s={search_term_string}\"},\"query-input\":{\"@type\":\"PropertyValueSpecification\",\"valueRequired\":true,\"valueName\":\"search_term_string\"}}],\"inLanguage\":\"tr\"},{\"@type\":\"Organization\",\"@id\":\"https:\\\/\\\/tawron.com\\\/#organization\",\"name\":\"TAWRON - HR Oplossingen & Werving\",\"url\":\"https:\\\/\\\/tawron.com\\\/\",\"logo\":{\"@type\":\"ImageObject\",\"inLanguage\":\"tr\",\"@id\":\"https:\\\/\\\/tawron.com\\\/#\\\/schema\\\/logo\\\/image\\\/\",\"url\":\"https:\\\/\\\/tawron.com\\\/wp-content\\\/uploads\\\/2024\\\/07\\\/tawron_logo_light.svg\",\"contentUrl\":\"https:\\\/\\\/tawron.com\\\/wp-content\\\/uploads\\\/2024\\\/07\\\/tawron_logo_light.svg\",\"width\":240,\"height\":53,\"caption\":\"TAWRON - HR Oplossingen & Werving\"},\"image\":{\"@id\":\"https:\\\/\\\/tawron.com\\\/#\\\/schema\\\/logo\\\/image\\\/\"},\"sameAs\":[\"https:\\\/\\\/x.com\\\/tawronbv\",\"http:\\\/\\\/www.linkedin.com\\\/company\\\/tawronbv\\\/\",\"https:\\\/\\\/www.instagram.com\\\/tawronbv\\\/\"]}]}<\/script>\n<!-- \/ Yoast SEO plugin. -->","yoast_head_json":{"title":"Talha Anil Ulu - TAWRON - HR Oplossingen &amp; Werving","robots":{"index":"index","follow":"follow","max-snippet":"max-snippet:-1","max-image-preview":"max-image-preview:large","max-video-preview":"max-video-preview:-1"},"canonical":"https:\/\/tawron.com\/tr\/talha-anil-ulu\/","og_locale":"tr_TR","og_type":"article","og_title":"Talha Anil Ulu - TAWRON - HR Oplossingen &amp; Werving","og_description":"Talha Anil Ulu is een van de drijvende krachten achter Tawron, een bedrijf dat zich toelegt op het verbinden van top IT-talent [&hellip;]","og_url":"https:\/\/tawron.com\/tr\/talha-anil-ulu\/","og_site_name":"TAWRON - HR Oplossingen &amp; Werving","article_modified_time":"2024-09-17T04:54:32+00:00","twitter_card":"summary_large_image","twitter_site":"@tawronbv","twitter_misc":{"Tahmini okuma s\u00fcresi":"2 dakika"},"schema":{"@context":"https:\/\/schema.org","@graph":[{"@type":"WebPage","@id":"https:\/\/tawron.com\/talha-anil-ulu\/","url":"https:\/\/tawron.com\/talha-anil-ulu\/","name":"Talha Anil Ulu - TAWRON - HR Oplossingen &amp; Werving","isPartOf":{"@id":"https:\/\/tawron.com\/#website"},"datePublished":"2024-09-16T06:10:25+00:00","dateModified":"2024-09-17T04:54:32+00:00","breadcrumb":{"@id":"https:\/\/tawron.com\/talha-anil-ulu\/#breadcrumb"},"inLanguage":"tr","potentialAction":[{"@type":"ReadAction","target":["https:\/\/tawron.com\/talha-anil-ulu\/"]}]},{"@type":"BreadcrumbList","@id":"https:\/\/tawron.com\/talha-anil-ulu\/#breadcrumb","itemListElement":[{"@type":"ListItem","position":1,"name":"Home","item":"https:\/\/tawron.com\/"},{"@type":"ListItem","position":2,"name":"Talha Anil Ulu"}]},{"@type":"WebSite","@id":"https:\/\/tawron.com\/#website","url":"https:\/\/tawron.com\/","name":"TAWRON - HR Oplossingen & Werving","description":"","publisher":{"@id":"https:\/\/tawron.com\/#organization"},"potentialAction":[{"@type":"SearchAction","target":{"@type":"EntryPoint","urlTemplate":"https:\/\/tawron.com\/?s={search_term_string}"},"query-input":{"@type":"PropertyValueSpecification","valueRequired":true,"valueName":"search_term_string"}}],"inLanguage":"tr"},{"@type":"Organization","@id":"https:\/\/tawron.com\/#organization","name":"TAWRON - HR Oplossingen & Werving","url":"https:\/\/tawron.com\/","logo":{"@type":"ImageObject","inLanguage":"tr","@id":"https:\/\/tawron.com\/#\/schema\/logo\/image\/","url":"https:\/\/tawron.com\/wp-content\/uploads\/2024\/07\/tawron_logo_light.svg","contentUrl":"https:\/\/tawron.com\/wp-content\/uploads\/2024\/07\/tawron_logo_light.svg","width":240,"height":53,"caption":"TAWRON - HR Oplossingen & Werving"},"image":{"@id":"https:\/\/tawron.com\/#\/schema\/logo\/image\/"},"sameAs":["https:\/\/x.com\/tawronbv","http:\/\/www.linkedin.com\/company\/tawronbv\/","https:\/\/www.instagram.com\/tawronbv\/"]}]}},"_links":{"self":[{"href":"https:\/\/tawron.com\/tr\/wp-json\/wp\/v2\/pages\/1871","targetHints":{"allow":["GET"]}}],"collection":[{"href":"https:\/\/tawron.com\/tr\/wp-json\/wp\/v2\/pages"}],"about":[{"href":"https:\/\/tawron.com\/tr\/wp-json\/wp\/v2\/types\/page"}],"author":[{"embeddable":true,"href":"https:\/\/tawron.com\/tr\/wp-json\/wp\/v2\/users\/2"}],"replies":[{"embeddable":true,"href":"https:\/\/tawron.com\/tr\/wp-json\/wp\/v2\/comments?post=1871"}],"version-history":[{"count":7,"href":"https:\/\/tawron.com\/tr\/wp-json\/wp\/v2\/pages\/1871\/revisions"}],"predecessor-version":[{"id":1903,"href":"https:\/\/tawron.com\/tr\/wp-json\/wp\/v2\/pages\/1871\/revisions\/1903"}],"wp:attachment":[{"href":"https:\/\/tawron.com\/tr\/wp-json\/wp\/v2\/media?parent=1871"}],"curies":[{"name":"wp","href":"https:\/\/api.w.org\/{rel}","templated":true}]}}