{"id":2560,"date":"2024-11-20T13:21:39","date_gmt":"2024-11-20T13:21:39","guid":{"rendered":"https:\/\/tawron.com\/?page_id=2560"},"modified":"2024-11-20T13:41:44","modified_gmt":"2024-11-20T13:41:44","slug":"jean-pierre-boelen","status":"publish","type":"page","link":"https:\/\/tawron.com\/tr\/jean-pierre-boelen\/","title":{"rendered":"Jean-Pierre Boelen"},"content":{"rendered":"<div data-elementor-type=\"wp-page\" data-elementor-id=\"2560\" class=\"elementor elementor-2560\" data-elementor-settings=\"{&quot;element_pack_global_tooltip_width&quot;:{&quot;unit&quot;:&quot;px&quot;,&quot;size&quot;:&quot;&quot;,&quot;sizes&quot;:[]},&quot;element_pack_global_tooltip_width_tablet&quot;:{&quot;unit&quot;:&quot;px&quot;,&quot;size&quot;:&quot;&quot;,&quot;sizes&quot;:[]},&quot;element_pack_global_tooltip_width_mobile&quot;:{&quot;unit&quot;:&quot;px&quot;,&quot;size&quot;:&quot;&quot;,&quot;sizes&quot;:[]},&quot;element_pack_global_tooltip_padding&quot;:{&quot;unit&quot;:&quot;px&quot;,&quot;top&quot;:&quot;&quot;,&quot;right&quot;:&quot;&quot;,&quot;bottom&quot;:&quot;&quot;,&quot;left&quot;:&quot;&quot;,&quot;isLinked&quot;:true},&quot;element_pack_global_tooltip_padding_tablet&quot;:{&quot;unit&quot;:&quot;px&quot;,&quot;top&quot;:&quot;&quot;,&quot;right&quot;:&quot;&quot;,&quot;bottom&quot;:&quot;&quot;,&quot;left&quot;:&quot;&quot;,&quot;isLinked&quot;:true},&quot;element_pack_global_tooltip_padding_mobile&quot;:{&quot;unit&quot;:&quot;px&quot;,&quot;top&quot;:&quot;&quot;,&quot;right&quot;:&quot;&quot;,&quot;bottom&quot;:&quot;&quot;,&quot;left&quot;:&quot;&quot;,&quot;isLinked&quot;:true},&quot;element_pack_global_tooltip_border_radius&quot;:{&quot;unit&quot;:&quot;px&quot;,&quot;top&quot;:&quot;&quot;,&quot;right&quot;:&quot;&quot;,&quot;bottom&quot;:&quot;&quot;,&quot;left&quot;:&quot;&quot;,&quot;isLinked&quot;:true},&quot;element_pack_global_tooltip_border_radius_tablet&quot;:{&quot;unit&quot;:&quot;px&quot;,&quot;top&quot;:&quot;&quot;,&quot;right&quot;:&quot;&quot;,&quot;bottom&quot;:&quot;&quot;,&quot;left&quot;:&quot;&quot;,&quot;isLinked&quot;:true},&quot;element_pack_global_tooltip_border_radius_mobile&quot;:{&quot;unit&quot;:&quot;px&quot;,&quot;top&quot;:&quot;&quot;,&quot;right&quot;:&quot;&quot;,&quot;bottom&quot;:&quot;&quot;,&quot;left&quot;:&quot;&quot;,&quot;isLinked&quot;:true}}\">\n\t\t\t\t<div class=\"elementor-element elementor-element-7e5cffdd e-flex e-con-boxed e-con e-parent\" data-id=\"7e5cffdd\" data-element_type=\"container\" data-e-type=\"container\">\n\t\t\t\t\t<div class=\"e-con-inner\">\n\t\t\t\t<div class=\"elementor-element elementor-element-5fe5f514 elementor-widget elementor-widget-text-editor\" data-id=\"5fe5f514\" data-element_type=\"widget\" data-e-type=\"widget\" data-widget_type=\"text-editor.default\">\n\t\t\t\t<div class=\"elementor-widget-container\">\n\t\t\t\t\t\t\t\t\t<p>\u00a0<\/p><p style=\"font-weight: 400;\">Jean-Pierre Boelen, deneyimli bir profesyonel hizmet y\u00f6neticisi ve liderlik ko\u00e7udur. Son 30 y\u0131l\u0131 a\u015fk\u0131n s\u00fcrede, \u00e7al\u0131\u015ft\u0131\u011f\u0131 organizasyonlara ve bireylere ger\u00e7ek ve kal\u0131c\u0131 de\u011fer katt\u0131\u011f\u0131n\u0131 kan\u0131tlam\u0131\u015ft\u0131r. Jean-Pierre, (i\u00e7) m\u00fc\u015fteri ihtiya\u00e7lar\u0131n\u0131 anlamak, mevcut durumu sorgulamak ve \u00e7ok k\u00fclt\u00fcrl\u00fc ve \u00e7ok uluslu ortamlarda y\u00fcksek performansl\u0131 ekipler olu\u015fturup y\u00f6netmek konusunda yetkin bir profesyoneldir.<\/p><p style=\"font-weight: 400;\">Delft Teknoloji \u00dcniversitesi'nde Teknik Matematik ve Bilgisayar Bilimleri b\u00f6l\u00fcm\u00fcnde y\u00fcksek lisans\u0131n\u0131 tamamlad\u0131ktan sonra kariyerine Andersen Consulting\u2019de (\u015fimdiki Accenture) ba\u015flad\u0131. Telekom, enerji ve finansal hizmetler sekt\u00f6rlerine odakland\u0131. 2005 y\u0131l\u0131ndan itibaren Jean-Pierre, Deloitte Hollanda\u2019ya kat\u0131larak finansal hizmetler prati\u011fini kurup b\u00fcy\u00fctt\u00fc. Finansal hizmetler prati\u011fini y\u00f6netti ve Haziran 2017'ye kadar Deloitte\u2019un Y\u00f6netim Kurulu \u00fcyesi oldu. Sonras\u0131nda, b\u00f6lgesel Banking &amp; Capital Markets uygulamalar\u0131ndan (\u0130ngiltere, Hollanda, Bel\u00e7ika, \u0130sve\u00e7, Danimarka, Norve\u00e7, Finlandiya, \u0130zlanda, \u0130talya, Yunanistan, Malta ve Orta Do\u011fu) sorumlu oldu ve ayr\u0131ca Nordik \u00fclkelerde (ge\u00e7ici olarak) finansal hizmetler liderli\u011fi yapt\u0131. Y\u00f6netimsel rol\u00fcn\u00fcn yan\u0131 s\u0131ra Jean-Pierre, her zaman en b\u00fcy\u00fck finansal hizmetler m\u00fc\u015fterilerine hizmet verdi. 2023 y\u0131l\u0131nda Jean-Pierre, Hollanda merkezli bir y\u00f6netici arama \u015firketine CEO olarak kat\u0131ld\u0131. 2011 y\u0131l\u0131ndan beri Jean-Pierre, bir aile \u015firketinde \u0130cra Kurulu \u00dcyesi olarak g\u00f6rev yapmaktad\u0131r.<\/p><p style=\"font-weight: 400;\">Kariyeri boyunca, i\u015fletmelerin ve d\u00f6n\u00fc\u015f\u00fcmlerin ba\u015far\u0131s\u0131zl\u0131klar\u0131n\u0131n neredeyse hi\u00e7bir zaman i\u00e7eri\u011fin karma\u015f\u0131kl\u0131\u011f\u0131ndan kaynaklanmad\u0131\u011f\u0131n\u0131, ancak neredeyse her zaman liderli\u011fin g\u00fcc\u00fc ve \u00e7e\u015fitlili\u011fi, vizyonlar\u0131, ileti\u015fim becerileri vb. ile ilgili oldu\u011funu g\u00f6zlemlemi\u015ftir. Bu nedenle, Jean-Pierre, tutkusunun pe\u015finden gitmeye ve zaman\u0131n\u0131 y\u00fcksek performansl\u0131 ve \u00e7e\u015fitli liderlik ekiplerinin ve bireylerin geli\u015fimine adamaya karar vermi\u015ftir.<\/p>\t\t\t\t\t\t\t\t<\/div>\n\t\t\t\t<\/div>\n\t\t\t\t\t<\/div>\n\t\t\t\t<\/div>\n\t\t\t\t<\/div>","protected":false},"excerpt":{"rendered":"<p>\u00a0 Jean-Pierre Boelen is een ervaren executive in professionele dienstverlening en een leiderschapscoach. In de afgelopen 30+ jaar heeft hij bewezen blijvende [&hellip;]<\/p>\n","protected":false},"author":1,"featured_media":0,"parent":0,"menu_order":0,"comment_status":"closed","ping_status":"closed","template":"","meta":{"footnotes":""},"class_list":["post-2560","page","type-page","status-publish","hentry"],"yoast_head":"<!-- This site is optimized with the Yoast SEO plugin v27.4 - https:\/\/yoast.com\/product\/yoast-seo-wordpress\/ -->\n<title>Jean-Pierre Boelen - TAWRON - HR Oplossingen &amp; Werving<\/title>\n<meta name=\"robots\" content=\"index, follow, max-snippet:-1, max-image-preview:large, max-video-preview:-1\" \/>\n<link rel=\"canonical\" href=\"https:\/\/tawron.com\/tr\/jean-pierre-boelen\/\" \/>\n<meta property=\"og:locale\" content=\"tr_TR\" \/>\n<meta property=\"og:type\" content=\"article\" \/>\n<meta property=\"og:title\" content=\"Jean-Pierre Boelen - TAWRON - HR Oplossingen &amp; Werving\" \/>\n<meta property=\"og:description\" content=\"\u00a0 Jean-Pierre Boelen is een ervaren executive in professionele dienstverlening en een leiderschapscoach. In de afgelopen 30+ jaar heeft hij bewezen blijvende [&hellip;]\" \/>\n<meta property=\"og:url\" content=\"https:\/\/tawron.com\/tr\/jean-pierre-boelen\/\" \/>\n<meta property=\"og:site_name\" content=\"TAWRON - HR Oplossingen &amp; Werving\" \/>\n<meta property=\"article:modified_time\" content=\"2024-11-20T13:41:44+00:00\" \/>\n<meta name=\"twitter:card\" content=\"summary_large_image\" \/>\n<meta name=\"twitter:site\" content=\"@tawronbv\" \/>\n<meta name=\"twitter:label1\" content=\"Tahmini okuma s\u00fcresi\" \/>\n\t<meta name=\"twitter:data1\" content=\"2 dakika\" \/>\n<script type=\"application\/ld+json\" class=\"yoast-schema-graph\">{\"@context\":\"https:\\\/\\\/schema.org\",\"@graph\":[{\"@type\":\"WebPage\",\"@id\":\"https:\\\/\\\/tawron.com\\\/jean-pierre-boelen\\\/\",\"url\":\"https:\\\/\\\/tawron.com\\\/jean-pierre-boelen\\\/\",\"name\":\"Jean-Pierre Boelen - TAWRON - HR Oplossingen &amp; Werving\",\"isPartOf\":{\"@id\":\"https:\\\/\\\/tawron.com\\\/#website\"},\"datePublished\":\"2024-11-20T13:21:39+00:00\",\"dateModified\":\"2024-11-20T13:41:44+00:00\",\"breadcrumb\":{\"@id\":\"https:\\\/\\\/tawron.com\\\/jean-pierre-boelen\\\/#breadcrumb\"},\"inLanguage\":\"tr\",\"potentialAction\":[{\"@type\":\"ReadAction\",\"target\":[\"https:\\\/\\\/tawron.com\\\/jean-pierre-boelen\\\/\"]}]},{\"@type\":\"BreadcrumbList\",\"@id\":\"https:\\\/\\\/tawron.com\\\/jean-pierre-boelen\\\/#breadcrumb\",\"itemListElement\":[{\"@type\":\"ListItem\",\"position\":1,\"name\":\"Home\",\"item\":\"https:\\\/\\\/tawron.com\\\/\"},{\"@type\":\"ListItem\",\"position\":2,\"name\":\"Jean-Pierre Boelen\"}]},{\"@type\":\"WebSite\",\"@id\":\"https:\\\/\\\/tawron.com\\\/#website\",\"url\":\"https:\\\/\\\/tawron.com\\\/\",\"name\":\"TAWRON - HR Oplossingen & Werving\",\"description\":\"\",\"publisher\":{\"@id\":\"https:\\\/\\\/tawron.com\\\/#organization\"},\"potentialAction\":[{\"@type\":\"SearchAction\",\"target\":{\"@type\":\"EntryPoint\",\"urlTemplate\":\"https:\\\/\\\/tawron.com\\\/?s={search_term_string}\"},\"query-input\":{\"@type\":\"PropertyValueSpecification\",\"valueRequired\":true,\"valueName\":\"search_term_string\"}}],\"inLanguage\":\"tr\"},{\"@type\":\"Organization\",\"@id\":\"https:\\\/\\\/tawron.com\\\/#organization\",\"name\":\"TAWRON - HR Oplossingen & Werving\",\"url\":\"https:\\\/\\\/tawron.com\\\/\",\"logo\":{\"@type\":\"ImageObject\",\"inLanguage\":\"tr\",\"@id\":\"https:\\\/\\\/tawron.com\\\/#\\\/schema\\\/logo\\\/image\\\/\",\"url\":\"https:\\\/\\\/tawron.com\\\/wp-content\\\/uploads\\\/2024\\\/07\\\/tawron_logo_light.svg\",\"contentUrl\":\"https:\\\/\\\/tawron.com\\\/wp-content\\\/uploads\\\/2024\\\/07\\\/tawron_logo_light.svg\",\"width\":240,\"height\":53,\"caption\":\"TAWRON - HR Oplossingen & Werving\"},\"image\":{\"@id\":\"https:\\\/\\\/tawron.com\\\/#\\\/schema\\\/logo\\\/image\\\/\"},\"sameAs\":[\"https:\\\/\\\/x.com\\\/tawronbv\",\"http:\\\/\\\/www.linkedin.com\\\/company\\\/tawronbv\\\/\",\"https:\\\/\\\/www.instagram.com\\\/tawronbv\\\/\"]}]}<\/script>\n<!-- \/ Yoast SEO plugin. -->","yoast_head_json":{"title":"Jean-Pierre Boelen - TAWRON - HR Oplossingen &amp; Werving","robots":{"index":"index","follow":"follow","max-snippet":"max-snippet:-1","max-image-preview":"max-image-preview:large","max-video-preview":"max-video-preview:-1"},"canonical":"https:\/\/tawron.com\/tr\/jean-pierre-boelen\/","og_locale":"tr_TR","og_type":"article","og_title":"Jean-Pierre Boelen - TAWRON - HR Oplossingen &amp; Werving","og_description":"\u00a0 Jean-Pierre Boelen is een ervaren executive in professionele dienstverlening en een leiderschapscoach. In de afgelopen 30+ jaar heeft hij bewezen blijvende [&hellip;]","og_url":"https:\/\/tawron.com\/tr\/jean-pierre-boelen\/","og_site_name":"TAWRON - HR Oplossingen &amp; Werving","article_modified_time":"2024-11-20T13:41:44+00:00","twitter_card":"summary_large_image","twitter_site":"@tawronbv","twitter_misc":{"Tahmini okuma s\u00fcresi":"2 dakika"},"schema":{"@context":"https:\/\/schema.org","@graph":[{"@type":"WebPage","@id":"https:\/\/tawron.com\/jean-pierre-boelen\/","url":"https:\/\/tawron.com\/jean-pierre-boelen\/","name":"Jean-Pierre Boelen - TAWRON - HR Oplossingen &amp; Werving","isPartOf":{"@id":"https:\/\/tawron.com\/#website"},"datePublished":"2024-11-20T13:21:39+00:00","dateModified":"2024-11-20T13:41:44+00:00","breadcrumb":{"@id":"https:\/\/tawron.com\/jean-pierre-boelen\/#breadcrumb"},"inLanguage":"tr","potentialAction":[{"@type":"ReadAction","target":["https:\/\/tawron.com\/jean-pierre-boelen\/"]}]},{"@type":"BreadcrumbList","@id":"https:\/\/tawron.com\/jean-pierre-boelen\/#breadcrumb","itemListElement":[{"@type":"ListItem","position":1,"name":"Home","item":"https:\/\/tawron.com\/"},{"@type":"ListItem","position":2,"name":"Jean-Pierre Boelen"}]},{"@type":"WebSite","@id":"https:\/\/tawron.com\/#website","url":"https:\/\/tawron.com\/","name":"TAWRON - HR Oplossingen & Werving","description":"","publisher":{"@id":"https:\/\/tawron.com\/#organization"},"potentialAction":[{"@type":"SearchAction","target":{"@type":"EntryPoint","urlTemplate":"https:\/\/tawron.com\/?s={search_term_string}"},"query-input":{"@type":"PropertyValueSpecification","valueRequired":true,"valueName":"search_term_string"}}],"inLanguage":"tr"},{"@type":"Organization","@id":"https:\/\/tawron.com\/#organization","name":"TAWRON - HR Oplossingen & Werving","url":"https:\/\/tawron.com\/","logo":{"@type":"ImageObject","inLanguage":"tr","@id":"https:\/\/tawron.com\/#\/schema\/logo\/image\/","url":"https:\/\/tawron.com\/wp-content\/uploads\/2024\/07\/tawron_logo_light.svg","contentUrl":"https:\/\/tawron.com\/wp-content\/uploads\/2024\/07\/tawron_logo_light.svg","width":240,"height":53,"caption":"TAWRON - HR Oplossingen & Werving"},"image":{"@id":"https:\/\/tawron.com\/#\/schema\/logo\/image\/"},"sameAs":["https:\/\/x.com\/tawronbv","http:\/\/www.linkedin.com\/company\/tawronbv\/","https:\/\/www.instagram.com\/tawronbv\/"]}]}},"_links":{"self":[{"href":"https:\/\/tawron.com\/tr\/wp-json\/wp\/v2\/pages\/2560","targetHints":{"allow":["GET"]}}],"collection":[{"href":"https:\/\/tawron.com\/tr\/wp-json\/wp\/v2\/pages"}],"about":[{"href":"https:\/\/tawron.com\/tr\/wp-json\/wp\/v2\/types\/page"}],"author":[{"embeddable":true,"href":"https:\/\/tawron.com\/tr\/wp-json\/wp\/v2\/users\/1"}],"replies":[{"embeddable":true,"href":"https:\/\/tawron.com\/tr\/wp-json\/wp\/v2\/comments?post=2560"}],"version-history":[{"count":6,"href":"https:\/\/tawron.com\/tr\/wp-json\/wp\/v2\/pages\/2560\/revisions"}],"predecessor-version":[{"id":2580,"href":"https:\/\/tawron.com\/tr\/wp-json\/wp\/v2\/pages\/2560\/revisions\/2580"}],"wp:attachment":[{"href":"https:\/\/tawron.com\/tr\/wp-json\/wp\/v2\/media?parent=2560"}],"curies":[{"name":"wp","href":"https:\/\/api.w.org\/{rel}","templated":true}]}}