{"id":2581,"date":"2024-11-20T13:51:18","date_gmt":"2024-11-20T13:51:18","guid":{"rendered":"https:\/\/tawron.com\/?page_id=2581"},"modified":"2024-11-20T13:52:23","modified_gmt":"2024-11-20T13:52:23","slug":"candice-dillon","status":"publish","type":"page","link":"https:\/\/tawron.com\/tr\/candice-dillon\/","title":{"rendered":"Candice Dillon"},"content":{"rendered":"<p>&nbsp;<\/p>\n<p style=\"font-weight: 400;\">Candice, dijital d\u00f6n\u00fc\u015f\u00fcm, birle\u015fme sonras\u0131 entegrasyon ve BT stratejisi konular\u0131nda 20 y\u0131l\u0131 a\u015fk\u0131n deneyime sahip deneyimli bir teknoloji lideridir. \u015eu anda VodafoneZiggo\u2019da Chief Information Officer (CIO) olarak g\u00f6rev yapmaktad\u0131r ve IT organizasyonunu dijital \u00f6ncelikli, bulut destekli, \u00e7evik ve veri odakl\u0131 bir yap\u0131ya d\u00f6n\u00fc\u015ft\u00fcrmekten sorumludur. Daha \u00f6nce Candice, NN Group ve Accenture\u2019da liderlik pozisyonlar\u0131nda bulunmu\u015ftur.<\/p>\n<p style=\"font-weight: 400;\">NN International\u2019da CIO olarak Avrupa ve Japonya\u2019daki 11 \u00fclkede teknolojiden sorumlu olup, uluslararas\u0131 i\u015f biriminin dijital d\u00f6n\u00fc\u015f\u00fcm\u00fcn\u00fc y\u00f6netmi\u015f ve birle\u015fme ve sat\u0131n almalarda \u00f6nemli bir rol oynam\u0131\u015ft\u0131r. 2017 y\u0131l\u0131nda NN\u2019ye kat\u0131lmadan \u00f6nce, Candice Accenture Hollanda\u2019da Y\u00f6netici Direkt\u00f6r olarak g\u00f6rev yapm\u0131\u015f ve Bankac\u0131l\u0131k Dan\u0131\u015fmanl\u0131\u011f\u0131 ve Teknoloji birimlerini y\u00f6netmi\u015ftir.<\/p>\n<p style=\"font-weight: 400;\">\u00c7e\u015fitlili\u011fin tutkulu bir savunucusu olan Candice, kariyeri boyunca hizmet etti\u011fi toplumlar\u0131 yans\u0131tan kapsay\u0131c\u0131 ekipler olu\u015fturma \u00fczerinde yo\u011funla\u015fm\u0131\u015ft\u0131r.<\/p>\n<p style=\"font-weight: 400;\">\u00d6zel hayat\u0131nda Candice evlidir ve macera seyahatlerini, kitap okumay\u0131, do\u011fa y\u00fcr\u00fcy\u00fc\u015flerini ve do\u011fada vakit ge\u00e7irmeyi sever.<\/p>","protected":false},"excerpt":{"rendered":"<p>&nbsp; Candice is een ervaren technologieleider met meer dan 20 jaar ervaring in digitale transformatie, post-fusie integratie en IT-strategie. Momenteel is zij [&hellip;]<\/p>\n","protected":false},"author":1,"featured_media":0,"parent":0,"menu_order":0,"comment_status":"closed","ping_status":"closed","template":"","meta":{"footnotes":""},"class_list":["post-2581","page","type-page","status-publish","hentry"],"yoast_head":"<!-- This site is optimized with the Yoast SEO plugin v27.4 - https:\/\/yoast.com\/product\/yoast-seo-wordpress\/ -->\n<title>Candice Dillon - TAWRON - HR Oplossingen &amp; Werving<\/title>\n<meta name=\"robots\" content=\"index, follow, max-snippet:-1, max-image-preview:large, max-video-preview:-1\" \/>\n<link rel=\"canonical\" href=\"https:\/\/tawron.com\/tr\/candice-dillon\/\" \/>\n<meta property=\"og:locale\" content=\"tr_TR\" \/>\n<meta property=\"og:type\" content=\"article\" \/>\n<meta property=\"og:title\" content=\"Candice Dillon - TAWRON - HR Oplossingen &amp; Werving\" \/>\n<meta property=\"og:description\" content=\"&nbsp; Candice is een ervaren technologieleider met meer dan 20 jaar ervaring in digitale transformatie, post-fusie integratie en IT-strategie. Momenteel is zij [&hellip;]\" \/>\n<meta property=\"og:url\" content=\"https:\/\/tawron.com\/tr\/candice-dillon\/\" \/>\n<meta property=\"og:site_name\" content=\"TAWRON - HR Oplossingen &amp; Werving\" \/>\n<meta property=\"article:modified_time\" content=\"2024-11-20T13:52:23+00:00\" \/>\n<meta name=\"twitter:card\" content=\"summary_large_image\" \/>\n<meta name=\"twitter:site\" content=\"@tawronbv\" \/>\n<meta name=\"twitter:label1\" content=\"Tahmini okuma s\u00fcresi\" \/>\n\t<meta name=\"twitter:data1\" content=\"1 dakika\" \/>\n<script type=\"application\/ld+json\" class=\"yoast-schema-graph\">{\"@context\":\"https:\\\/\\\/schema.org\",\"@graph\":[{\"@type\":\"WebPage\",\"@id\":\"https:\\\/\\\/tawron.com\\\/candice-dillon\\\/\",\"url\":\"https:\\\/\\\/tawron.com\\\/candice-dillon\\\/\",\"name\":\"Candice Dillon - TAWRON - HR Oplossingen &amp; Werving\",\"isPartOf\":{\"@id\":\"https:\\\/\\\/tawron.com\\\/#website\"},\"datePublished\":\"2024-11-20T13:51:18+00:00\",\"dateModified\":\"2024-11-20T13:52:23+00:00\",\"breadcrumb\":{\"@id\":\"https:\\\/\\\/tawron.com\\\/candice-dillon\\\/#breadcrumb\"},\"inLanguage\":\"tr\",\"potentialAction\":[{\"@type\":\"ReadAction\",\"target\":[\"https:\\\/\\\/tawron.com\\\/candice-dillon\\\/\"]}]},{\"@type\":\"BreadcrumbList\",\"@id\":\"https:\\\/\\\/tawron.com\\\/candice-dillon\\\/#breadcrumb\",\"itemListElement\":[{\"@type\":\"ListItem\",\"position\":1,\"name\":\"Home\",\"item\":\"https:\\\/\\\/tawron.com\\\/\"},{\"@type\":\"ListItem\",\"position\":2,\"name\":\"Candice Dillon\"}]},{\"@type\":\"WebSite\",\"@id\":\"https:\\\/\\\/tawron.com\\\/#website\",\"url\":\"https:\\\/\\\/tawron.com\\\/\",\"name\":\"TAWRON - HR Oplossingen & Werving\",\"description\":\"\",\"publisher\":{\"@id\":\"https:\\\/\\\/tawron.com\\\/#organization\"},\"potentialAction\":[{\"@type\":\"SearchAction\",\"target\":{\"@type\":\"EntryPoint\",\"urlTemplate\":\"https:\\\/\\\/tawron.com\\\/?s={search_term_string}\"},\"query-input\":{\"@type\":\"PropertyValueSpecification\",\"valueRequired\":true,\"valueName\":\"search_term_string\"}}],\"inLanguage\":\"tr\"},{\"@type\":\"Organization\",\"@id\":\"https:\\\/\\\/tawron.com\\\/#organization\",\"name\":\"TAWRON - HR Oplossingen & Werving\",\"url\":\"https:\\\/\\\/tawron.com\\\/\",\"logo\":{\"@type\":\"ImageObject\",\"inLanguage\":\"tr\",\"@id\":\"https:\\\/\\\/tawron.com\\\/#\\\/schema\\\/logo\\\/image\\\/\",\"url\":\"https:\\\/\\\/tawron.com\\\/wp-content\\\/uploads\\\/2024\\\/07\\\/tawron_logo_light.svg\",\"contentUrl\":\"https:\\\/\\\/tawron.com\\\/wp-content\\\/uploads\\\/2024\\\/07\\\/tawron_logo_light.svg\",\"width\":240,\"height\":53,\"caption\":\"TAWRON - HR Oplossingen & Werving\"},\"image\":{\"@id\":\"https:\\\/\\\/tawron.com\\\/#\\\/schema\\\/logo\\\/image\\\/\"},\"sameAs\":[\"https:\\\/\\\/x.com\\\/tawronbv\",\"http:\\\/\\\/www.linkedin.com\\\/company\\\/tawronbv\\\/\",\"https:\\\/\\\/www.instagram.com\\\/tawronbv\\\/\"]}]}<\/script>\n<!-- \/ Yoast SEO plugin. -->","yoast_head_json":{"title":"Candice Dillon - TAWRON - HR Oplossingen &amp; Werving","robots":{"index":"index","follow":"follow","max-snippet":"max-snippet:-1","max-image-preview":"max-image-preview:large","max-video-preview":"max-video-preview:-1"},"canonical":"https:\/\/tawron.com\/tr\/candice-dillon\/","og_locale":"tr_TR","og_type":"article","og_title":"Candice Dillon - TAWRON - HR Oplossingen &amp; Werving","og_description":"&nbsp; Candice is een ervaren technologieleider met meer dan 20 jaar ervaring in digitale transformatie, post-fusie integratie en IT-strategie. Momenteel is zij [&hellip;]","og_url":"https:\/\/tawron.com\/tr\/candice-dillon\/","og_site_name":"TAWRON - HR Oplossingen &amp; Werving","article_modified_time":"2024-11-20T13:52:23+00:00","twitter_card":"summary_large_image","twitter_site":"@tawronbv","twitter_misc":{"Tahmini okuma s\u00fcresi":"1 dakika"},"schema":{"@context":"https:\/\/schema.org","@graph":[{"@type":"WebPage","@id":"https:\/\/tawron.com\/candice-dillon\/","url":"https:\/\/tawron.com\/candice-dillon\/","name":"Candice Dillon - TAWRON - HR Oplossingen &amp; Werving","isPartOf":{"@id":"https:\/\/tawron.com\/#website"},"datePublished":"2024-11-20T13:51:18+00:00","dateModified":"2024-11-20T13:52:23+00:00","breadcrumb":{"@id":"https:\/\/tawron.com\/candice-dillon\/#breadcrumb"},"inLanguage":"tr","potentialAction":[{"@type":"ReadAction","target":["https:\/\/tawron.com\/candice-dillon\/"]}]},{"@type":"BreadcrumbList","@id":"https:\/\/tawron.com\/candice-dillon\/#breadcrumb","itemListElement":[{"@type":"ListItem","position":1,"name":"Home","item":"https:\/\/tawron.com\/"},{"@type":"ListItem","position":2,"name":"Candice Dillon"}]},{"@type":"WebSite","@id":"https:\/\/tawron.com\/#website","url":"https:\/\/tawron.com\/","name":"TAWRON - HR Oplossingen & Werving","description":"","publisher":{"@id":"https:\/\/tawron.com\/#organization"},"potentialAction":[{"@type":"SearchAction","target":{"@type":"EntryPoint","urlTemplate":"https:\/\/tawron.com\/?s={search_term_string}"},"query-input":{"@type":"PropertyValueSpecification","valueRequired":true,"valueName":"search_term_string"}}],"inLanguage":"tr"},{"@type":"Organization","@id":"https:\/\/tawron.com\/#organization","name":"TAWRON - HR Oplossingen & Werving","url":"https:\/\/tawron.com\/","logo":{"@type":"ImageObject","inLanguage":"tr","@id":"https:\/\/tawron.com\/#\/schema\/logo\/image\/","url":"https:\/\/tawron.com\/wp-content\/uploads\/2024\/07\/tawron_logo_light.svg","contentUrl":"https:\/\/tawron.com\/wp-content\/uploads\/2024\/07\/tawron_logo_light.svg","width":240,"height":53,"caption":"TAWRON - HR Oplossingen & Werving"},"image":{"@id":"https:\/\/tawron.com\/#\/schema\/logo\/image\/"},"sameAs":["https:\/\/x.com\/tawronbv","http:\/\/www.linkedin.com\/company\/tawronbv\/","https:\/\/www.instagram.com\/tawronbv\/"]}]}},"_links":{"self":[{"href":"https:\/\/tawron.com\/tr\/wp-json\/wp\/v2\/pages\/2581","targetHints":{"allow":["GET"]}}],"collection":[{"href":"https:\/\/tawron.com\/tr\/wp-json\/wp\/v2\/pages"}],"about":[{"href":"https:\/\/tawron.com\/tr\/wp-json\/wp\/v2\/types\/page"}],"author":[{"embeddable":true,"href":"https:\/\/tawron.com\/tr\/wp-json\/wp\/v2\/users\/1"}],"replies":[{"embeddable":true,"href":"https:\/\/tawron.com\/tr\/wp-json\/wp\/v2\/comments?post=2581"}],"version-history":[{"count":2,"href":"https:\/\/tawron.com\/tr\/wp-json\/wp\/v2\/pages\/2581\/revisions"}],"predecessor-version":[{"id":2583,"href":"https:\/\/tawron.com\/tr\/wp-json\/wp\/v2\/pages\/2581\/revisions\/2583"}],"wp:attachment":[{"href":"https:\/\/tawron.com\/tr\/wp-json\/wp\/v2\/media?parent=2581"}],"curies":[{"name":"wp","href":"https:\/\/api.w.org\/{rel}","templated":true}]}}