{"id":2598,"date":"2024-11-25T12:19:56","date_gmt":"2024-11-25T12:19:56","guid":{"rendered":"https:\/\/tawron.com\/?page_id=2598"},"modified":"2024-11-25T12:19:56","modified_gmt":"2024-11-25T12:19:56","slug":"sevcan-turk","status":"publish","type":"page","link":"https:\/\/tawron.com\/tr\/sevcan-turk\/","title":{"rendered":"Sevcan T\u00fcrk"},"content":{"rendered":"<p>&nbsp;<\/p>\n<p style=\"font-weight: 400;\">Sevcan T\u00fcrk, deneyimli bir insan kaynaklar\u0131 y\u00f6neticisi ve organizasyonel geli\u015fim uzman\u0131d\u0131r. Kariyeri boyunca \u00e7al\u0131\u015ft\u0131\u011f\u0131 \u015firketlerin insan kaynaklar\u0131 s\u00fcre\u00e7lerini g\u00fc\u00e7lendirmi\u015f, yenilik\u00e7i projelere \u00f6nc\u00fcl\u00fck etmi\u015f ve \u00e7al\u0131\u015fan ba\u011fl\u0131l\u0131\u011f\u0131n\u0131 art\u0131rmaya y\u00f6nelik s\u00fcrd\u00fcr\u00fclebilir \u00e7\u00f6z\u00fcmler \u00fcretmi\u015ftir.<\/p>\n<p style=\"font-weight: 400;\">\u0130stanbul Ayd\u0131n \u00dcniversitesi \u0130nsan Kaynaklar\u0131 Y\u00f6netimi b\u00f6l\u00fcm\u00fcnden mezun olduktan sonra kariyerine 2006 y\u0131l\u0131nda Mavi Jeans'te Uzman olarak ba\u015flad\u0131. Bu rolde, i\u015fe al\u0131m ve e\u011fitim s\u00fcre\u00e7lerinde aktif rol alarak \u015firketin ihtiya\u00e7lar\u0131na uygun adaylar\u0131n se\u00e7imini ve entegrasyonunu sa\u011flad\u0131.<\/p>\n<p style=\"font-weight: 400;\">Ard\u0131ndan, Kervan G\u0131da A.\u015e.\u2019nin Bebeto markas\u0131nda \u0130nsan Kaynaklar\u0131 ve End\u00fcstri \u0130li\u015fkileri Y\u00f6neticisi olarak \u00e7al\u0131\u015ft\u0131. \u00c7al\u0131\u015fma ko\u015fullar\u0131n\u0131 iyile\u015ftirmek ve orta-uzun vadeli kariyer planlama projelerinde yer almak gibi kritik g\u00f6revlerde bulundu.<\/p>\n<p style=\"font-weight: 400;\">2015 y\u0131l\u0131nda uluslararas\u0131 bir \u00f6deme \u015firketine kat\u0131larak farkl\u0131 bir sekt\u00f6r deneyimi kazanmak ad\u0131na \u0130nsan Kaynaklar\u0131 Y\u00f6neticisi rol\u00fcn\u00fc \u00fcstlendi. Bu g\u00f6revde, \u0130nsan Kaynaklar\u0131 departman\u0131n\u0131 kurup geli\u015ftirdi ve dijital insan kaynaklar\u0131 uygulamalar\u0131n\u0131 yaz\u0131l\u0131m ve bulut teknolojilerinden faydalanarak daha verimli hale getirdi. B\u00f6ylece \u015firketin insan kaynaklar\u0131 s\u00fcre\u00e7lerinde etkili ve s\u00fcrd\u00fcr\u00fclebilir bir yap\u0131 olu\u015fturdu.<\/p>\n<p style=\"font-weight: 400;\">Halen Tawron \u015firketinde, Avrupa teknoloji sekt\u00f6r\u00fcn\u00fcn dinamiklerini yak\u0131ndan takip ederek, g\u00fc\u00e7l\u00fc ileti\u015fim yetene\u011fi ve teknik bilgi birikimiyle i\u015fe al\u0131m s\u00fcre\u00e7lerini y\u00f6netmektedir. Sevcan, adaylar\u0131n kariyer hedefleri ile uyumlu i\u015f f\u0131rsatlar\u0131 sunarak uzun vadeli ba\u015far\u0131y\u0131 hedefleyen bir yakla\u015f\u0131m\u0131 benimsemektedir.<\/p>\n<p style=\"font-weight: 400;\">Kariyeri boyunca, insan kaynaklar\u0131 dernekleriyle i\u015f birli\u011fi i\u00e7inde \u00e7al\u0131\u015farak mesleki yeterlili\u011fi art\u0131rmaya y\u00f6nelik projelere de katk\u0131da bulunmu\u015ftur. Sevcan T\u00fcrk, hem bireylerin hem de organizasyonlar\u0131n potansiyelini en \u00fcst seviyeye \u00e7\u0131karmaya y\u00f6nelik bir tutkuya sahiptir.<\/p>","protected":false},"excerpt":{"rendered":"<p>&nbsp; Sevcan T\u00fcrk is een ervaren HR-manager en specialist in organisatieontwikkeling. Gedurende haar carri\u00e8re heeft ze de HR-processen van de bedrijven waarmee [&hellip;]<\/p>\n","protected":false},"author":1,"featured_media":0,"parent":0,"menu_order":0,"comment_status":"closed","ping_status":"closed","template":"","meta":{"footnotes":""},"class_list":["post-2598","page","type-page","status-publish","hentry"],"yoast_head":"<!-- This site is optimized with the Yoast SEO plugin v27.4 - https:\/\/yoast.com\/product\/yoast-seo-wordpress\/ -->\n<title>Sevcan T\u00fcrk - TAWRON - HR Oplossingen &amp; Werving<\/title>\n<meta name=\"robots\" content=\"index, follow, max-snippet:-1, max-image-preview:large, max-video-preview:-1\" \/>\n<link rel=\"canonical\" href=\"https:\/\/tawron.com\/tr\/sevcan-turk\/\" \/>\n<meta property=\"og:locale\" content=\"tr_TR\" \/>\n<meta property=\"og:type\" content=\"article\" \/>\n<meta property=\"og:title\" content=\"Sevcan T\u00fcrk - TAWRON - HR Oplossingen &amp; Werving\" \/>\n<meta property=\"og:description\" content=\"&nbsp; Sevcan T\u00fcrk is een ervaren HR-manager en specialist in organisatieontwikkeling. Gedurende haar carri\u00e8re heeft ze de HR-processen van de bedrijven waarmee [&hellip;]\" \/>\n<meta property=\"og:url\" content=\"https:\/\/tawron.com\/tr\/sevcan-turk\/\" \/>\n<meta property=\"og:site_name\" content=\"TAWRON - HR Oplossingen &amp; Werving\" \/>\n<meta name=\"twitter:card\" content=\"summary_large_image\" \/>\n<meta name=\"twitter:site\" content=\"@tawronbv\" \/>\n<meta name=\"twitter:label1\" content=\"Tahmini okuma s\u00fcresi\" \/>\n\t<meta name=\"twitter:data1\" content=\"2 dakika\" \/>\n<script type=\"application\/ld+json\" class=\"yoast-schema-graph\">{\"@context\":\"https:\\\/\\\/schema.org\",\"@graph\":[{\"@type\":\"WebPage\",\"@id\":\"https:\\\/\\\/tawron.com\\\/sevcan-turk\\\/\",\"url\":\"https:\\\/\\\/tawron.com\\\/sevcan-turk\\\/\",\"name\":\"Sevcan T\u00fcrk - TAWRON - HR Oplossingen &amp; Werving\",\"isPartOf\":{\"@id\":\"https:\\\/\\\/tawron.com\\\/#website\"},\"datePublished\":\"2024-11-25T12:19:56+00:00\",\"breadcrumb\":{\"@id\":\"https:\\\/\\\/tawron.com\\\/sevcan-turk\\\/#breadcrumb\"},\"inLanguage\":\"tr\",\"potentialAction\":[{\"@type\":\"ReadAction\",\"target\":[\"https:\\\/\\\/tawron.com\\\/sevcan-turk\\\/\"]}]},{\"@type\":\"BreadcrumbList\",\"@id\":\"https:\\\/\\\/tawron.com\\\/sevcan-turk\\\/#breadcrumb\",\"itemListElement\":[{\"@type\":\"ListItem\",\"position\":1,\"name\":\"Home\",\"item\":\"https:\\\/\\\/tawron.com\\\/\"},{\"@type\":\"ListItem\",\"position\":2,\"name\":\"Sevcan T\u00fcrk\"}]},{\"@type\":\"WebSite\",\"@id\":\"https:\\\/\\\/tawron.com\\\/#website\",\"url\":\"https:\\\/\\\/tawron.com\\\/\",\"name\":\"TAWRON - HR Oplossingen & Werving\",\"description\":\"\",\"publisher\":{\"@id\":\"https:\\\/\\\/tawron.com\\\/#organization\"},\"potentialAction\":[{\"@type\":\"SearchAction\",\"target\":{\"@type\":\"EntryPoint\",\"urlTemplate\":\"https:\\\/\\\/tawron.com\\\/?s={search_term_string}\"},\"query-input\":{\"@type\":\"PropertyValueSpecification\",\"valueRequired\":true,\"valueName\":\"search_term_string\"}}],\"inLanguage\":\"tr\"},{\"@type\":\"Organization\",\"@id\":\"https:\\\/\\\/tawron.com\\\/#organization\",\"name\":\"TAWRON - HR Oplossingen & Werving\",\"url\":\"https:\\\/\\\/tawron.com\\\/\",\"logo\":{\"@type\":\"ImageObject\",\"inLanguage\":\"tr\",\"@id\":\"https:\\\/\\\/tawron.com\\\/#\\\/schema\\\/logo\\\/image\\\/\",\"url\":\"https:\\\/\\\/tawron.com\\\/wp-content\\\/uploads\\\/2024\\\/07\\\/tawron_logo_light.svg\",\"contentUrl\":\"https:\\\/\\\/tawron.com\\\/wp-content\\\/uploads\\\/2024\\\/07\\\/tawron_logo_light.svg\",\"width\":240,\"height\":53,\"caption\":\"TAWRON - HR Oplossingen & Werving\"},\"image\":{\"@id\":\"https:\\\/\\\/tawron.com\\\/#\\\/schema\\\/logo\\\/image\\\/\"},\"sameAs\":[\"https:\\\/\\\/x.com\\\/tawronbv\",\"http:\\\/\\\/www.linkedin.com\\\/company\\\/tawronbv\\\/\",\"https:\\\/\\\/www.instagram.com\\\/tawronbv\\\/\"]}]}<\/script>\n<!-- \/ Yoast SEO plugin. -->","yoast_head_json":{"title":"Sevcan T\u00fcrk - TAWRON - HR Oplossingen &amp; Werving","robots":{"index":"index","follow":"follow","max-snippet":"max-snippet:-1","max-image-preview":"max-image-preview:large","max-video-preview":"max-video-preview:-1"},"canonical":"https:\/\/tawron.com\/tr\/sevcan-turk\/","og_locale":"tr_TR","og_type":"article","og_title":"Sevcan T\u00fcrk - TAWRON - HR Oplossingen &amp; Werving","og_description":"&nbsp; Sevcan T\u00fcrk is een ervaren HR-manager en specialist in organisatieontwikkeling. Gedurende haar carri\u00e8re heeft ze de HR-processen van de bedrijven waarmee [&hellip;]","og_url":"https:\/\/tawron.com\/tr\/sevcan-turk\/","og_site_name":"TAWRON - HR Oplossingen &amp; Werving","twitter_card":"summary_large_image","twitter_site":"@tawronbv","twitter_misc":{"Tahmini okuma s\u00fcresi":"2 dakika"},"schema":{"@context":"https:\/\/schema.org","@graph":[{"@type":"WebPage","@id":"https:\/\/tawron.com\/sevcan-turk\/","url":"https:\/\/tawron.com\/sevcan-turk\/","name":"Sevcan T\u00fcrk - TAWRON - HR Oplossingen &amp; Werving","isPartOf":{"@id":"https:\/\/tawron.com\/#website"},"datePublished":"2024-11-25T12:19:56+00:00","breadcrumb":{"@id":"https:\/\/tawron.com\/sevcan-turk\/#breadcrumb"},"inLanguage":"tr","potentialAction":[{"@type":"ReadAction","target":["https:\/\/tawron.com\/sevcan-turk\/"]}]},{"@type":"BreadcrumbList","@id":"https:\/\/tawron.com\/sevcan-turk\/#breadcrumb","itemListElement":[{"@type":"ListItem","position":1,"name":"Home","item":"https:\/\/tawron.com\/"},{"@type":"ListItem","position":2,"name":"Sevcan T\u00fcrk"}]},{"@type":"WebSite","@id":"https:\/\/tawron.com\/#website","url":"https:\/\/tawron.com\/","name":"TAWRON - HR Oplossingen & Werving","description":"","publisher":{"@id":"https:\/\/tawron.com\/#organization"},"potentialAction":[{"@type":"SearchAction","target":{"@type":"EntryPoint","urlTemplate":"https:\/\/tawron.com\/?s={search_term_string}"},"query-input":{"@type":"PropertyValueSpecification","valueRequired":true,"valueName":"search_term_string"}}],"inLanguage":"tr"},{"@type":"Organization","@id":"https:\/\/tawron.com\/#organization","name":"TAWRON - HR Oplossingen & Werving","url":"https:\/\/tawron.com\/","logo":{"@type":"ImageObject","inLanguage":"tr","@id":"https:\/\/tawron.com\/#\/schema\/logo\/image\/","url":"https:\/\/tawron.com\/wp-content\/uploads\/2024\/07\/tawron_logo_light.svg","contentUrl":"https:\/\/tawron.com\/wp-content\/uploads\/2024\/07\/tawron_logo_light.svg","width":240,"height":53,"caption":"TAWRON - HR Oplossingen & Werving"},"image":{"@id":"https:\/\/tawron.com\/#\/schema\/logo\/image\/"},"sameAs":["https:\/\/x.com\/tawronbv","http:\/\/www.linkedin.com\/company\/tawronbv\/","https:\/\/www.instagram.com\/tawronbv\/"]}]}},"_links":{"self":[{"href":"https:\/\/tawron.com\/tr\/wp-json\/wp\/v2\/pages\/2598","targetHints":{"allow":["GET"]}}],"collection":[{"href":"https:\/\/tawron.com\/tr\/wp-json\/wp\/v2\/pages"}],"about":[{"href":"https:\/\/tawron.com\/tr\/wp-json\/wp\/v2\/types\/page"}],"author":[{"embeddable":true,"href":"https:\/\/tawron.com\/tr\/wp-json\/wp\/v2\/users\/1"}],"replies":[{"embeddable":true,"href":"https:\/\/tawron.com\/tr\/wp-json\/wp\/v2\/comments?post=2598"}],"version-history":[{"count":1,"href":"https:\/\/tawron.com\/tr\/wp-json\/wp\/v2\/pages\/2598\/revisions"}],"predecessor-version":[{"id":2599,"href":"https:\/\/tawron.com\/tr\/wp-json\/wp\/v2\/pages\/2598\/revisions\/2599"}],"wp:attachment":[{"href":"https:\/\/tawron.com\/tr\/wp-json\/wp\/v2\/media?parent=2598"}],"curies":[{"name":"wp","href":"https:\/\/api.w.org\/{rel}","templated":true}]}}