{"id":2615,"date":"2024-12-04T10:52:48","date_gmt":"2024-12-04T10:52:48","guid":{"rendered":"https:\/\/tawron.com\/?page_id=2615"},"modified":"2024-12-04T10:53:09","modified_gmt":"2024-12-04T10:53:09","slug":"erol-ulu","status":"publish","type":"page","link":"https:\/\/tawron.com\/tr\/erol-ulu\/","title":{"rendered":"Erol Ulu"},"content":{"rendered":"<p>&nbsp;<\/p>\n<p style=\"font-weight: 400;\">25 y\u0131l\u0131 a\u015fk\u0131n finansal hizmetler ve \u00f6deme sekt\u00f6r\u00fcndeki tecr\u00fcbesiyle Erol Ulu, birden fazla sekt\u00f6rde ba\u015far\u0131l\u0131 i\u015fletmeler kurmas\u0131 ve b\u00fcy\u00fctmesiyle tan\u0131nan dinamik bir lider ve giri\u015fimcidir. Kariyerine bireysel bankac\u0131l\u0131kta ba\u015flam\u0131\u015f, ard\u0131ndan \u00f6deme sistemlerinde \u00e7\u0131\u011f\u0131r a\u00e7an bir on y\u0131l ge\u00e7irmi\u015ftir. Bu s\u00fcre\u00e7te T\u00fcrkiye'nin en b\u00fcy\u00fck uluslararas\u0131 \u00f6deme a\u011f\u0131n\u0131 kurmu\u015f ve y\u00f6netmi\u015ftir. Bu a\u011f, 135 \u00fclkede 400.000'den fazla \u00f6deme noktas\u0131nda i\u015flem yap\u0131lmas\u0131n\u0131 sa\u011flam\u0131\u015ft\u0131r. Erol'un bu sekt\u00f6rdeki giri\u015fimleri aras\u0131nda UPT, Hizlipara ve PayPorter gibi \u015firketlerin kurulmas\u0131 yer al\u0131r ve bu da onun giri\u015fimcilik ruhunu ve stratejik \u00f6ng\u00f6r\u00fcs\u00fcn\u00fc yans\u0131t\u0131r.<\/p>\n<p style=\"font-weight: 400;\">Erol, d\u00fczenleyici uyumluluk konusunda geni\u015f bir deneyime sahiptir. Hollanda ve T\u00fcrkiye Merkez Bankalar\u0131 ile yak\u0131ndan \u00e7al\u0131\u015farak lisanslama s\u00fcre\u00e7lerini ba\u015far\u0131yla y\u00f6netmi\u015f ve karma\u015f\u0131k, zorlu ortamlarda d\u00fczenleyici uyumlulu\u011fu sa\u011flam\u0131\u015ft\u0131r. \u015eirket d\u00f6n\u00fc\u015f\u00fcmlerindeki liderli\u011fi, d\u00fczenleyici \u00e7er\u00e7eveleri y\u00f6nlendirme ve operasyonel verimlili\u011fi art\u0131rma konusundaki uzmanl\u0131\u011f\u0131n\u0131 g\u00f6stermektedir.<\/p>\n<p style=\"font-weight: 400;\">Son d\u00f6nemde, Erol giri\u015fimci yakla\u015f\u0131m\u0131n\u0131 s\u00fcrd\u00fcr\u00fclebilirlik alan\u0131na ta\u015f\u0131yarak Puzzle Carbon Capital ile tar\u0131msal at\u0131klar\u0131 sertifikal\u0131 karbon kredilerine d\u00f6n\u00fc\u015ft\u00fcren projelere Hollanda, Fas, \u0130spanya ve Suudi Arabistan'da liderlik etmi\u015ftir.<\/p>\n<p style=\"font-weight: 400;\">Finansal hizmetler, \u00f6deme sistemleri ve s\u00fcrd\u00fcr\u00fclebilir finans alanlar\u0131ndaki giri\u015fimci ve stratejik liderlik konusundaki kan\u0131tlanm\u0131\u015f ba\u015far\u0131lar\u0131yla Erol, k\u00fcresel etki hedefleyen i\u015fletmeler i\u00e7in de\u011ferli bir varl\u0131kt\u0131r. Onun vizyonu ekonomik b\u00fcy\u00fcme, d\u00fczenleyici hassasiyet ve yenili\u011fi birle\u015ftirerek onu de\u011fi\u015fimin \u00f6n saflar\u0131ndaki \u015firketler i\u00e7in ileri g\u00f6r\u00fc\u015fl\u00fc bir y\u00f6netici ve g\u00fcvenilir bir dan\u0131\u015fman olarak konumland\u0131rmaktad\u0131r.<\/p>","protected":false},"excerpt":{"rendered":"<p>&nbsp; Met meer dan 25 jaar ervaring in de financi\u00eble diensten en betaalindustrie is Erol Ulu een dynamische leider en ondernemer die [&hellip;]<\/p>\n","protected":false},"author":1,"featured_media":0,"parent":0,"menu_order":0,"comment_status":"closed","ping_status":"closed","template":"","meta":{"footnotes":""},"class_list":["post-2615","page","type-page","status-publish","hentry"],"yoast_head":"<!-- This site is optimized with the Yoast SEO plugin v27.4 - https:\/\/yoast.com\/product\/yoast-seo-wordpress\/ -->\n<title>Erol Ulu - TAWRON - HR Oplossingen &amp; Werving<\/title>\n<meta name=\"robots\" content=\"index, follow, max-snippet:-1, max-image-preview:large, max-video-preview:-1\" \/>\n<link rel=\"canonical\" href=\"https:\/\/tawron.com\/tr\/erol-ulu\/\" \/>\n<meta property=\"og:locale\" content=\"tr_TR\" \/>\n<meta property=\"og:type\" content=\"article\" \/>\n<meta property=\"og:title\" content=\"Erol Ulu - TAWRON - HR Oplossingen &amp; Werving\" \/>\n<meta property=\"og:description\" content=\"&nbsp; Met meer dan 25 jaar ervaring in de financi\u00eble diensten en betaalindustrie is Erol Ulu een dynamische leider en ondernemer die [&hellip;]\" \/>\n<meta property=\"og:url\" content=\"https:\/\/tawron.com\/tr\/erol-ulu\/\" \/>\n<meta property=\"og:site_name\" content=\"TAWRON - HR Oplossingen &amp; Werving\" \/>\n<meta property=\"article:modified_time\" content=\"2024-12-04T10:53:09+00:00\" \/>\n<meta name=\"twitter:card\" content=\"summary_large_image\" \/>\n<meta name=\"twitter:site\" content=\"@tawronbv\" \/>\n<meta name=\"twitter:label1\" content=\"Tahmini okuma s\u00fcresi\" \/>\n\t<meta name=\"twitter:data1\" content=\"2 dakika\" \/>\n<script type=\"application\/ld+json\" class=\"yoast-schema-graph\">{\"@context\":\"https:\\\/\\\/schema.org\",\"@graph\":[{\"@type\":\"WebPage\",\"@id\":\"https:\\\/\\\/tawron.com\\\/erol-ulu\\\/\",\"url\":\"https:\\\/\\\/tawron.com\\\/erol-ulu\\\/\",\"name\":\"Erol Ulu - TAWRON - HR Oplossingen &amp; Werving\",\"isPartOf\":{\"@id\":\"https:\\\/\\\/tawron.com\\\/#website\"},\"datePublished\":\"2024-12-04T10:52:48+00:00\",\"dateModified\":\"2024-12-04T10:53:09+00:00\",\"breadcrumb\":{\"@id\":\"https:\\\/\\\/tawron.com\\\/erol-ulu\\\/#breadcrumb\"},\"inLanguage\":\"tr\",\"potentialAction\":[{\"@type\":\"ReadAction\",\"target\":[\"https:\\\/\\\/tawron.com\\\/erol-ulu\\\/\"]}]},{\"@type\":\"BreadcrumbList\",\"@id\":\"https:\\\/\\\/tawron.com\\\/erol-ulu\\\/#breadcrumb\",\"itemListElement\":[{\"@type\":\"ListItem\",\"position\":1,\"name\":\"Home\",\"item\":\"https:\\\/\\\/tawron.com\\\/\"},{\"@type\":\"ListItem\",\"position\":2,\"name\":\"Erol Ulu\"}]},{\"@type\":\"WebSite\",\"@id\":\"https:\\\/\\\/tawron.com\\\/#website\",\"url\":\"https:\\\/\\\/tawron.com\\\/\",\"name\":\"TAWRON - HR Oplossingen & Werving\",\"description\":\"\",\"publisher\":{\"@id\":\"https:\\\/\\\/tawron.com\\\/#organization\"},\"potentialAction\":[{\"@type\":\"SearchAction\",\"target\":{\"@type\":\"EntryPoint\",\"urlTemplate\":\"https:\\\/\\\/tawron.com\\\/?s={search_term_string}\"},\"query-input\":{\"@type\":\"PropertyValueSpecification\",\"valueRequired\":true,\"valueName\":\"search_term_string\"}}],\"inLanguage\":\"tr\"},{\"@type\":\"Organization\",\"@id\":\"https:\\\/\\\/tawron.com\\\/#organization\",\"name\":\"TAWRON - HR Oplossingen & Werving\",\"url\":\"https:\\\/\\\/tawron.com\\\/\",\"logo\":{\"@type\":\"ImageObject\",\"inLanguage\":\"tr\",\"@id\":\"https:\\\/\\\/tawron.com\\\/#\\\/schema\\\/logo\\\/image\\\/\",\"url\":\"https:\\\/\\\/tawron.com\\\/wp-content\\\/uploads\\\/2024\\\/07\\\/tawron_logo_light.svg\",\"contentUrl\":\"https:\\\/\\\/tawron.com\\\/wp-content\\\/uploads\\\/2024\\\/07\\\/tawron_logo_light.svg\",\"width\":240,\"height\":53,\"caption\":\"TAWRON - HR Oplossingen & Werving\"},\"image\":{\"@id\":\"https:\\\/\\\/tawron.com\\\/#\\\/schema\\\/logo\\\/image\\\/\"},\"sameAs\":[\"https:\\\/\\\/x.com\\\/tawronbv\",\"http:\\\/\\\/www.linkedin.com\\\/company\\\/tawronbv\\\/\",\"https:\\\/\\\/www.instagram.com\\\/tawronbv\\\/\"]}]}<\/script>\n<!-- \/ Yoast SEO plugin. -->","yoast_head_json":{"title":"Erol Ulu - TAWRON - HR Oplossingen &amp; Werving","robots":{"index":"index","follow":"follow","max-snippet":"max-snippet:-1","max-image-preview":"max-image-preview:large","max-video-preview":"max-video-preview:-1"},"canonical":"https:\/\/tawron.com\/tr\/erol-ulu\/","og_locale":"tr_TR","og_type":"article","og_title":"Erol Ulu - TAWRON - HR Oplossingen &amp; Werving","og_description":"&nbsp; Met meer dan 25 jaar ervaring in de financi\u00eble diensten en betaalindustrie is Erol Ulu een dynamische leider en ondernemer die [&hellip;]","og_url":"https:\/\/tawron.com\/tr\/erol-ulu\/","og_site_name":"TAWRON - HR Oplossingen &amp; Werving","article_modified_time":"2024-12-04T10:53:09+00:00","twitter_card":"summary_large_image","twitter_site":"@tawronbv","twitter_misc":{"Tahmini okuma s\u00fcresi":"2 dakika"},"schema":{"@context":"https:\/\/schema.org","@graph":[{"@type":"WebPage","@id":"https:\/\/tawron.com\/erol-ulu\/","url":"https:\/\/tawron.com\/erol-ulu\/","name":"Erol Ulu - TAWRON - HR Oplossingen &amp; Werving","isPartOf":{"@id":"https:\/\/tawron.com\/#website"},"datePublished":"2024-12-04T10:52:48+00:00","dateModified":"2024-12-04T10:53:09+00:00","breadcrumb":{"@id":"https:\/\/tawron.com\/erol-ulu\/#breadcrumb"},"inLanguage":"tr","potentialAction":[{"@type":"ReadAction","target":["https:\/\/tawron.com\/erol-ulu\/"]}]},{"@type":"BreadcrumbList","@id":"https:\/\/tawron.com\/erol-ulu\/#breadcrumb","itemListElement":[{"@type":"ListItem","position":1,"name":"Home","item":"https:\/\/tawron.com\/"},{"@type":"ListItem","position":2,"name":"Erol Ulu"}]},{"@type":"WebSite","@id":"https:\/\/tawron.com\/#website","url":"https:\/\/tawron.com\/","name":"TAWRON - HR Oplossingen & Werving","description":"","publisher":{"@id":"https:\/\/tawron.com\/#organization"},"potentialAction":[{"@type":"SearchAction","target":{"@type":"EntryPoint","urlTemplate":"https:\/\/tawron.com\/?s={search_term_string}"},"query-input":{"@type":"PropertyValueSpecification","valueRequired":true,"valueName":"search_term_string"}}],"inLanguage":"tr"},{"@type":"Organization","@id":"https:\/\/tawron.com\/#organization","name":"TAWRON - HR Oplossingen & Werving","url":"https:\/\/tawron.com\/","logo":{"@type":"ImageObject","inLanguage":"tr","@id":"https:\/\/tawron.com\/#\/schema\/logo\/image\/","url":"https:\/\/tawron.com\/wp-content\/uploads\/2024\/07\/tawron_logo_light.svg","contentUrl":"https:\/\/tawron.com\/wp-content\/uploads\/2024\/07\/tawron_logo_light.svg","width":240,"height":53,"caption":"TAWRON - HR Oplossingen & Werving"},"image":{"@id":"https:\/\/tawron.com\/#\/schema\/logo\/image\/"},"sameAs":["https:\/\/x.com\/tawronbv","http:\/\/www.linkedin.com\/company\/tawronbv\/","https:\/\/www.instagram.com\/tawronbv\/"]}]}},"_links":{"self":[{"href":"https:\/\/tawron.com\/tr\/wp-json\/wp\/v2\/pages\/2615","targetHints":{"allow":["GET"]}}],"collection":[{"href":"https:\/\/tawron.com\/tr\/wp-json\/wp\/v2\/pages"}],"about":[{"href":"https:\/\/tawron.com\/tr\/wp-json\/wp\/v2\/types\/page"}],"author":[{"embeddable":true,"href":"https:\/\/tawron.com\/tr\/wp-json\/wp\/v2\/users\/1"}],"replies":[{"embeddable":true,"href":"https:\/\/tawron.com\/tr\/wp-json\/wp\/v2\/comments?post=2615"}],"version-history":[{"count":2,"href":"https:\/\/tawron.com\/tr\/wp-json\/wp\/v2\/pages\/2615\/revisions"}],"predecessor-version":[{"id":2617,"href":"https:\/\/tawron.com\/tr\/wp-json\/wp\/v2\/pages\/2615\/revisions\/2617"}],"wp:attachment":[{"href":"https:\/\/tawron.com\/tr\/wp-json\/wp\/v2\/media?parent=2615"}],"curies":[{"name":"wp","href":"https:\/\/api.w.org\/{rel}","templated":true}]}}